{"id":4657,"date":"2025-12-12T10:51:02","date_gmt":"2025-12-12T15:51:02","guid":{"rendered":"https:\/\/oferteya.com\/tienda\/?post_type=product&#038;p=4657"},"modified":"2025-12-12T11:13:20","modified_gmt":"2025-12-12T16:13:20","slug":"parlante-karaoke-infantil-portatil-bluetooth-2-microfono-luz-amarillo-110v","status":"publish","type":"product","link":"https:\/\/oferteya.com\/tienda\/producto\/parlante-karaoke-infantil-portatil-bluetooth-2-microfono-luz-amarillo-110v\/","title":{"rendered":"Parlante Karaoke Infantil Port\u00e1til Bluetooth 2 Micr\u00f3fono Luz Amarillo 110v"},"content":{"rendered":"<h2 class=\"ui-pdp-description__title\" data-testid=\"title\">Descripci\u00f3n<\/h2>\n<p>&nbsp;<\/p>\n<p class=\"ui-pdp-description__content\" data-testid=\"content\">Descubre el Parlante Karaoke Infantil Port\u00e1til Bluetooth P12, dise\u00f1ado especialmente para los m\u00e1s peque\u00f1os. Con un potente altavoz de 5 W y dos micr\u00f3fonos, este dispositivo ofrece una experiencia de karaoke divertida y envolvente. Su dise\u00f1o port\u00e1til permite llevar la diversi\u00f3n a cualquier lugar, ideal para fiestas, reuniones familiares o simplemente para disfrutar en casa. El Parlante P12 cuenta con luces LED que iluminan el ambiente, creando un espect\u00e1culo visual mientras los ni\u00f1os cantan sus canciones favoritas. La funci\u00f3n de efecto de voz a\u00f1ade un toque especial a cada interpretaci\u00f3n, haciendo que cada actuaci\u00f3n sea \u00fanica y emocionante. Adem\u00e1s, su bater\u00eda recargable proporciona hasta 4 horas de autonom\u00eda, asegurando que la diversi\u00f3n no se detenga. Con conectividad Bluetooth, este parlante se empareja f\u00e1cilmente con dispositivos m\u00f3viles, permitiendo acceder a una amplia variedad de m\u00fasica. Su tiempo de carga de solo 2 horas garantiza que est\u00e9 listo para usar en poco tiempo. Este producto es perfecto para fomentar la creatividad y la expresi\u00f3n art\u00edstica en los ni\u00f1os, convirtiendo cada momento en una oportunidad para brillar. Garant\u00eda del vendedor: 30 d\u00edas<\/p>\n<p class=\"ui-pdp-description__content\" data-testid=\"content\">Garant\u00eda del vendedor: 30 d\u00edas<\/p>\n<div class=\"ui-pdp-container__row ui-pdp-container__row--highlighted-specs-title\">\n<div class=\"ui-pdp-container__row ui-pdp-container__row--highlighted-specs-title\">\n<h2 class=\"ui-vpp-text-alignment--left ui-pdp-color--BLACK ui-pdp-size--XLARGE ui-pdp-family--REGULAR highlighted-specs-title\">Caracter\u00edsticas del producto<\/h2>\n<\/div>\n<div class=\"ui-pdp-container__row ui-pdp-container__row--attributes\">\n<div class=\"ui-vpp-highlighted-specs__attribute-columns\">\n<div class=\"ui-vpp-highlighted-specs__attribute-columns__column\">\n<div class=\"ui-pdp-container__row ui-vpp-highlighted-specs__attribute-columns__row\">\n<div class=\"ui-vpp-highlighted-specs__key-value\">\n<div class=\"ui-pdp-background-color--GRAY_40 ui-vpp-highlighted-specs__filled-icon ui-vpp-highlighted-specs__filled-icon--ROUNDED\" aria-hidden=\"true\"><img decoding=\"async\" class=\"ui-pdp-image ui-vpp-image-component\" src=\"https:\/\/http2.mlstatic.com\/storage\/catalog-technical-specs\/images\/assets\/vectorial\/con_bluetooth_sp.svg\" \/><\/div>\n<div class=\"ui-vpp-highlighted-specs__key-value__labels\">\n<p class=\"ui-pdp-family--REGULAR ui-vpp-highlighted-specs__key-value__labels__key-value\"><span class=\"ui-pdp-color--BLACK ui-pdp-size--XSMALL ui-pdp-family--REGULAR\">Con Bluetooth:\u00a0<\/span><span class=\"ui-pdp-color--BLACK ui-pdp-size--XSMALL ui-pdp-family--SEMIBOLD\">S\u00ed<\/span><\/p>\n<\/div>\n<\/div>\n<\/div>\n<div class=\"ui-pdp-container__row ui-vpp-highlighted-specs__attribute-columns__row\">\n<div class=\"ui-vpp-highlighted-specs__key-value\">\n<div class=\"ui-pdp-background-color--GRAY_40 ui-vpp-highlighted-specs__filled-icon ui-vpp-highlighted-specs__filled-icon--ROUNDED\" aria-hidden=\"true\"><img decoding=\"async\" class=\"ui-pdp-image ui-vpp-image-component\" src=\"https:\/\/http2.mlstatic.com\/storage\/catalog-technical-specs\/images\/assets\/vectorial\/con_luces_led_sp.svg\" \/><\/div>\n<div class=\"ui-vpp-highlighted-specs__key-value__labels\">\n<p class=\"ui-pdp-family--REGULAR ui-vpp-highlighted-specs__key-value__labels__key-value\"><span class=\"ui-pdp-color--BLACK ui-pdp-size--XSMALL ui-pdp-family--REGULAR\">Con luces LED:\u00a0<\/span><span class=\"ui-pdp-color--BLACK ui-pdp-size--XSMALL ui-pdp-family--SEMIBOLD\">S\u00ed<\/span><\/p>\n<\/div>\n<\/div>\n<\/div>\n<\/div>\n<div class=\"ui-vpp-highlighted-specs__attribute-columns__column\">\n<div class=\"ui-pdp-container__row ui-vpp-highlighted-specs__attribute-columns__row\">\n<div class=\"ui-vpp-highlighted-specs__key-value\">\n<div class=\"ui-pdp-background-color--GRAY_40 ui-vpp-highlighted-specs__filled-icon ui-vpp-highlighted-specs__filled-icon--ROUNDED\" aria-hidden=\"true\"><img decoding=\"async\" class=\"ui-pdp-image ui-vpp-image-component\" src=\"https:\/\/http2.mlstatic.com\/storage\/catalog-technical-specs\/images\/assets\/vectorial\/incluye_bateria_recargable_sp.svg\" \/><\/div>\n<div class=\"ui-vpp-highlighted-specs__key-value__labels\">\n<p class=\"ui-pdp-family--REGULAR ui-vpp-highlighted-specs__key-value__labels__key-value\"><span class=\"ui-pdp-color--BLACK ui-pdp-size--XSMALL ui-pdp-family--REGULAR\">Incluye bater\u00eda recargable:\u00a0<\/span><span class=\"ui-pdp-color--BLACK ui-pdp-size--XSMALL ui-pdp-family--SEMIBOLD\">S\u00ed<\/span><\/p>\n<\/div>\n<\/div>\n<\/div>\n<\/div>\n<\/div>\n<\/div>\n<div class=\"ui-pdp-container__row ui-pdp-container__row--technical-specifications\">\n<div class=\"ui-pdp-collapsable ui-vpp-highlighted-specs__striped-collapsed__action\">\n<div class=\"ui-pdp-collapsable__container\">\n<div class=\"ui-vpp-highlighted-specs__striped-specs\">\n<div class=\"ui-vpp-striped-specs\">\n<div class=\"ui-vpp-striped-specs__table\">\n<h3 class=\"ui-vpp-striped-specs__header\">Caracter\u00edsticas generales<\/h3>\n<table class=\"andes-table\">\n<tbody class=\"andes-table__body\">\n<tr class=\"andes-table__row ui-vpp-striped-specs__row\">\n<th class=\"andes-table__header andes-table__header--left ui-vpp-striped-specs__row__column ui-vpp-striped-specs__row__column--id\" scope=\"row\">\n<div class=\"andes-table__header__container\">Marca<\/div>\n<\/th>\n<td id=\":R2if2lpakp7le:\" class=\"andes-table__column andes-table__column--left andes-table__column--vertical-align-center ui-vpp-striped-specs__row__column\"><span id=\":R2if2lpakp7le:-value\" class=\"andes-table__column--value\">Gen\u00e9rica<\/span><\/td>\n<\/tr>\n<tr class=\"andes-table__row ui-vpp-striped-specs__row\">\n<th class=\"andes-table__header andes-table__header--left ui-vpp-striped-specs__row__column ui-vpp-striped-specs__row__column--id\" scope=\"row\">\n<div class=\"andes-table__header__container\">Modelo<\/div>\n<\/th>\n<td id=\":R2in2lpakp7le:\" class=\"andes-table__column andes-table__column--left andes-table__column--vertical-align-center ui-vpp-striped-specs__row__column\"><span id=\":R2in2lpakp7le:-value\" class=\"andes-table__column--value\">P12<\/span><\/td>\n<\/tr>\n<tr class=\"andes-table__row ui-vpp-striped-specs__row\">\n<th class=\"andes-table__header andes-table__header--left ui-vpp-striped-specs__row__column ui-vpp-striped-specs__row__column--id\" scope=\"row\">\n<div class=\"andes-table__header__container\">Color<\/div>\n<\/th>\n<td id=\":R2iv2lpakp7le:\" class=\"andes-table__column andes-table__column--left andes-table__column--vertical-align-center ui-vpp-striped-specs__row__column\"><span id=\":R2iv2lpakp7le:-value\" class=\"andes-table__column--value\">Amarillo<\/span><\/td>\n<\/tr>\n<tr class=\"andes-table__row ui-vpp-striped-specs__row\">\n<th class=\"andes-table__header andes-table__header--left ui-vpp-striped-specs__row__column ui-vpp-striped-specs__row__column--id\" scope=\"row\">\n<div class=\"andes-table__header__container\">Voltaje<\/div>\n<\/th>\n<td id=\":R2j72lpakp7le:\" class=\"andes-table__column andes-table__column--left andes-table__column--vertical-align-center ui-vpp-striped-specs__row__column\"><span id=\":R2j72lpakp7le:-value\" class=\"andes-table__column--value\">110V<\/span><\/td>\n<\/tr>\n<\/tbody>\n<\/table>\n<\/div>\n<div class=\"ui-vpp-striped-specs__table\">\n<h3 class=\"ui-vpp-striped-specs__header\">Accesorios<\/h3>\n<table class=\"andes-table\">\n<tbody class=\"andes-table__body\">\n<tr class=\"andes-table__row ui-vpp-striped-specs__row\">\n<th class=\"andes-table__header andes-table__header--left ui-vpp-striped-specs__row__column ui-vpp-striped-specs__row__column--id\" scope=\"row\">\n<div class=\"andes-table__header__container\">Cantidad de micr\u00f3fonos<\/div>\n<\/th>\n<td id=\":R2if4lpakp7le:\" class=\"andes-table__column andes-table__column--left andes-table__column--vertical-align-center ui-vpp-striped-specs__row__column\"><span id=\":R2if4lpakp7le:-value\" class=\"andes-table__column--value\">2<\/span><\/td>\n<\/tr>\n<tr class=\"andes-table__row ui-vpp-striped-specs__row\">\n<th class=\"andes-table__header andes-table__header--left ui-vpp-striped-specs__row__column ui-vpp-striped-specs__row__column--id\" scope=\"row\">\n<div class=\"andes-table__header__container\">Con base<\/div>\n<\/th>\n<td id=\":R2in4lpakp7le:\" class=\"andes-table__column andes-table__column--left andes-table__column--vertical-align-center ui-vpp-striped-specs__row__column\"><span id=\":R2in4lpakp7le:-value\" class=\"andes-table__column--value\">No<\/span><\/td>\n<\/tr>\n<tr class=\"andes-table__row ui-vpp-striped-specs__row\">\n<th class=\"andes-table__header andes-table__header--left ui-vpp-striped-specs__row__column ui-vpp-striped-specs__row__column--id\" scope=\"row\">\n<div class=\"andes-table__header__container\">Con micr\u00f3fono<\/div>\n<\/th>\n<td id=\":R2iv4lpakp7le:\" class=\"andes-table__column andes-table__column--left andes-table__column--vertical-align-center ui-vpp-striped-specs__row__column\"><span id=\":R2iv4lpakp7le:-value\" class=\"andes-table__column--value\">S\u00ed<\/span><\/td>\n<\/tr>\n<tr class=\"andes-table__row ui-vpp-striped-specs__row\">\n<th class=\"andes-table__header andes-table__header--left ui-vpp-striped-specs__row__column ui-vpp-striped-specs__row__column--id\" scope=\"row\">\n<div class=\"andes-table__header__container\">Incluye soporte<\/div>\n<\/th>\n<td id=\":R2j74lpakp7le:\" class=\"andes-table__column andes-table__column--left andes-table__column--vertical-align-center ui-vpp-striped-specs__row__column\"><span id=\":R2j74lpakp7le:-value\" class=\"andes-table__column--value\">No<\/span><\/td>\n<\/tr>\n<\/tbody>\n<\/table>\n<\/div>\n<div class=\"ui-vpp-striped-specs__table\">\n<h3 class=\"ui-vpp-striped-specs__header\">Otros<\/h3>\n<table class=\"andes-table\">\n<tbody class=\"andes-table__body\">\n<tr class=\"andes-table__row ui-vpp-striped-specs__row\">\n<th class=\"andes-table__header andes-table__header--left ui-vpp-striped-specs__row__column ui-vpp-striped-specs__row__column--id\" scope=\"row\">\n<div class=\"andes-table__header__container\">Lugares de colocaci\u00f3n<\/div>\n<\/th>\n<td id=\":R19f6lpakp7le:\" class=\"andes-table__column andes-table__column--left andes-table__column--vertical-align-center ui-vpp-striped-specs__row__column\"><span id=\":R19f6lpakp7le:-value\" class=\"andes-table__column--value\">Port\u00e1til<\/span><\/td>\n<\/tr>\n<tr class=\"andes-table__row ui-vpp-striped-specs__row\">\n<th class=\"andes-table__header andes-table__header--left ui-vpp-striped-specs__row__column ui-vpp-striped-specs__row__column--id\" scope=\"row\">\n<div class=\"andes-table__header__container\">Es a prueba de agua<\/div>\n<\/th>\n<td id=\":R19n6lpakp7le:\" class=\"andes-table__column andes-table__column--left andes-table__column--vertical-align-center ui-vpp-striped-specs__row__column\"><span id=\":R19n6lpakp7le:-value\" class=\"andes-table__column--value\">No<\/span><\/td>\n<\/tr>\n<\/tbody>\n<\/table>\n<\/div>\n<div class=\"ui-vpp-striped-specs__table\">\n<h3 class=\"ui-vpp-striped-specs__header\">Conectividad<\/h3>\n<table class=\"andes-table\">\n<tbody class=\"andes-table__body\">\n<tr class=\"andes-table__row ui-vpp-striped-specs__row\">\n<th class=\"andes-table__header andes-table__header--left ui-vpp-striped-specs__row__column ui-vpp-striped-specs__row__column--id\" scope=\"row\">\n<div class=\"andes-table__header__container\">Con Bluetooth<\/div>\n<\/th>\n<td id=\":R19f8lpakp7le:\" class=\"andes-table__column andes-table__column--left andes-table__column--vertical-align-center ui-vpp-striped-specs__row__column\"><span id=\":R19f8lpakp7le:-value\" class=\"andes-table__column--value\">S\u00ed<\/span><\/td>\n<\/tr>\n<tr class=\"andes-table__row ui-vpp-striped-specs__row\">\n<th class=\"andes-table__header andes-table__header--left ui-vpp-striped-specs__row__column ui-vpp-striped-specs__row__column--id\" scope=\"row\">\n<div class=\"andes-table__header__container\">Con Wi-Fi<\/div>\n<\/th>\n<td id=\":R19n8lpakp7le:\" class=\"andes-table__column andes-table__column--left andes-table__column--vertical-align-center ui-vpp-striped-specs__row__column\"><span id=\":R19n8lpakp7le:-value\" class=\"andes-table__column--value\">No<\/span><\/td>\n<\/tr>\n<\/tbody>\n<\/table>\n<\/div>\n<\/div>\n<div class=\"ui-vpp-striped-specs\">\n<div class=\"ui-vpp-striped-specs__table\">\n<h3 class=\"ui-vpp-striped-specs__header\">Sonido<\/h3>\n<table class=\"andes-table\">\n<tbody class=\"andes-table__body\">\n<tr class=\"andes-table__row ui-vpp-striped-specs__row\">\n<th class=\"andes-table__header andes-table__header--left ui-vpp-striped-specs__row__column ui-vpp-striped-specs__row__column--id\" scope=\"row\">\n<div class=\"andes-table__header__container\">Potencia de salida (RMS)<\/div>\n<\/th>\n<td id=\":Rkv35pakp7le:\" class=\"andes-table__column andes-table__column--left andes-table__column--vertical-align-center ui-vpp-striped-specs__row__column\"><span id=\":Rkv35pakp7le:-value\" class=\"andes-table__column--value\">5 W<\/span><\/td>\n<\/tr>\n<\/tbody>\n<\/table>\n<\/div>\n<div class=\"ui-vpp-striped-specs__table\">\n<h3 class=\"ui-vpp-striped-specs__header\">Bater\u00eda<\/h3>\n<table class=\"andes-table\">\n<tbody class=\"andes-table__body\">\n<tr class=\"andes-table__row ui-vpp-striped-specs__row\">\n<th class=\"andes-table__header andes-table__header--left ui-vpp-striped-specs__row__column ui-vpp-striped-specs__row__column--id\" scope=\"row\">\n<div class=\"andes-table__header__container\">Autonom\u00eda m\u00e1xima de la bater\u00eda<\/div>\n<\/th>\n<td id=\":R19f55pakp7le:\" class=\"andes-table__column andes-table__column--left andes-table__column--vertical-align-center ui-vpp-striped-specs__row__column\"><span id=\":R19f55pakp7le:-value\" class=\"andes-table__column--value\">4 h<\/span><\/td>\n<\/tr>\n<tr class=\"andes-table__row ui-vpp-striped-specs__row\">\n<th class=\"andes-table__header andes-table__header--left ui-vpp-striped-specs__row__column ui-vpp-striped-specs__row__column--id\" scope=\"row\">\n<div class=\"andes-table__header__container\">Incluye bater\u00eda recargable<\/div>\n<\/th>\n<td id=\":R19n55pakp7le:\" class=\"andes-table__column andes-table__column--left andes-table__column--vertical-align-center ui-vpp-striped-specs__row__column\"><span id=\":R19n55pakp7le:-value\" class=\"andes-table__column--value\">S\u00ed<\/span><\/td>\n<\/tr>\n<\/tbody>\n<\/table>\n<\/div>\n<div class=\"ui-vpp-striped-specs__table\">\n<h3 class=\"ui-vpp-striped-specs__header\">Especificaciones<\/h3>\n<table class=\"andes-table\">\n<tbody class=\"andes-table__body\">\n<tr class=\"andes-table__row ui-vpp-striped-specs__row\">\n<th class=\"andes-table__header andes-table__header--left ui-vpp-striped-specs__row__column ui-vpp-striped-specs__row__column--id\" scope=\"row\">\n<div class=\"andes-table__header__container\">Cantidad de parlantes<\/div>\n<\/th>\n<td id=\":R54f75pakp7le:\" class=\"andes-table__column andes-table__column--left andes-table__column--vertical-align-center ui-vpp-striped-specs__row__column\"><span id=\":R54f75pakp7le:-value\" class=\"andes-table__column--value\">1<\/span><\/td>\n<\/tr>\n<tr class=\"andes-table__row ui-vpp-striped-specs__row\">\n<th class=\"andes-table__header andes-table__header--left ui-vpp-striped-specs__row__column ui-vpp-striped-specs__row__column--id\" scope=\"row\">\n<div class=\"andes-table__header__container\">Con luces LED<\/div>\n<\/th>\n<td id=\":R54n75pakp7le:\" class=\"andes-table__column andes-table__column--left andes-table__column--vertical-align-center ui-vpp-striped-specs__row__column\"><span id=\":R54n75pakp7le:-value\" class=\"andes-table__column--value\">S\u00ed<\/span><\/td>\n<\/tr>\n<tr class=\"andes-table__row ui-vpp-striped-specs__row\">\n<th class=\"andes-table__header andes-table__header--left ui-vpp-striped-specs__row__column ui-vpp-striped-specs__row__column--id\" scope=\"row\">\n<div class=\"andes-table__header__container\">Con funci\u00f3n karaoke<\/div>\n<\/th>\n<td id=\":R54v75pakp7le:\" class=\"andes-table__column andes-table__column--left andes-table__column--vertical-align-center ui-vpp-striped-specs__row__column\"><span id=\":R54v75pakp7le:-value\" class=\"andes-table__column--value\">S\u00ed<\/span><\/td>\n<\/tr>\n<tr class=\"andes-table__row ui-vpp-striped-specs__row\">\n<th class=\"andes-table__header andes-table__header--left ui-vpp-striped-specs__row__column ui-vpp-striped-specs__row__column--id\" scope=\"row\">\n<div class=\"andes-table__header__container\">Con efecto de voz<\/div>\n<\/th>\n<td id=\":R55775pakp7le:\" class=\"andes-table__column andes-table__column--left andes-table__column--vertical-align-center ui-vpp-striped-specs__row__column\"><span id=\":R55775pakp7le:-value\" class=\"andes-table__column--value\">S\u00ed<\/span><\/td>\n<\/tr>\n<tr class=\"andes-table__row ui-vpp-striped-specs__row\">\n<th class=\"andes-table__header andes-table__header--left ui-vpp-striped-specs__row__column ui-vpp-striped-specs__row__column--id\" scope=\"row\">\n<div class=\"andes-table__header__container\">Con radio<\/div>\n<\/th>\n<td id=\":R55f75pakp7le:\" class=\"andes-table__column andes-table__column--left andes-table__column--vertical-align-center ui-vpp-striped-specs__row__column\"><span id=\":R55f75pakp7le:-value\" class=\"andes-table__column--value\">No<\/span><\/td>\n<\/tr>\n<tr class=\"andes-table__row ui-vpp-striped-specs__row\">\n<th class=\"andes-table__header andes-table__header--left ui-vpp-striped-specs__row__column ui-vpp-striped-specs__row__column--id\" scope=\"row\">\n<div class=\"andes-table__header__container\">Es port\u00e1til<\/div>\n<\/th>\n<td id=\":R55n75pakp7le:\" class=\"andes-table__column andes-table__column--left andes-table__column--vertical-align-center ui-vpp-striped-specs__row__column\"><span id=\":R55n75pakp7le:-value\" class=\"andes-table__column--value\">S\u00ed<\/span><\/td>\n<\/tr>\n<tr class=\"andes-table__row ui-vpp-striped-specs__row\">\n<th class=\"andes-table__header andes-table__header--left ui-vpp-striped-specs__row__column ui-vpp-striped-specs__row__column--id\" scope=\"row\">\n<div class=\"andes-table__header__container\">Es inal\u00e1mbrico<\/div>\n<\/th>\n<td id=\":R55v75pakp7le:\" class=\"andes-table__column andes-table__column--left andes-table__column--vertical-align-center ui-vpp-striped-specs__row__column\"><span id=\":R55v75pakp7le:-value\" class=\"andes-table__column--value\">S\u00ed<\/span><\/td>\n<\/tr>\n<tr class=\"andes-table__row ui-vpp-striped-specs__row\">\n<th class=\"andes-table__header andes-table__header--left ui-vpp-striped-specs__row__column ui-vpp-striped-specs__row__column--id\" scope=\"row\">\n<div class=\"andes-table__header__container\">Es gamer<\/div>\n<\/th>\n<td id=\":R56775pakp7le:\" class=\"andes-table__column andes-table__column--left andes-table__column--vertical-align-center ui-vpp-striped-specs__row__column\"><span id=\":R56775pakp7le:-value\" class=\"andes-table__column--value\">No<\/span><\/td>\n<\/tr>\n<\/tbody>\n<\/table>\n<\/div>\n<div class=\"ui-vpp-striped-specs__table\">\n<h3 class=\"ui-vpp-striped-specs__header\">Otros<\/h3>\n<table class=\"andes-table\">\n<tbody class=\"andes-table__body\">\n<tr class=\"andes-table__row ui-vpp-striped-specs__row\">\n<th class=\"andes-table__header andes-table__header--left ui-vpp-striped-specs__row__column ui-vpp-striped-specs__row__column--id\" scope=\"row\">\n<div class=\"andes-table__header__container\">Tipos de alimentaci\u00f3n<\/div>\n<\/th>\n<td id=\":R19f95pakp7le:\" class=\"andes-table__column andes-table__column--left andes-table__column--vertical-align-center ui-vpp-striped-specs__row__column\"><span id=\":R19f95pakp7le:-value\" class=\"andes-table__column--value\">BATERIA DE LITIO RECARGABE<\/span><\/td>\n<\/tr>\n<tr class=\"andes-table__row ui-vpp-striped-specs__row\">\n<th class=\"andes-table__header andes-table__header--left ui-vpp-striped-specs__row__column ui-vpp-striped-specs__row__column--id\" scope=\"row\">\n<div class=\"andes-table__header__container\">Tiempo de carga<\/div>\n<\/th>\n<td id=\":R19n95pakp7le:\" class=\"andes-table__column andes-table__column--left andes-table__column--vertical-align-center ui-vpp-striped-specs__row__column\"><span id=\":R19n95pakp7le:-value\" class=\"andes-table__column--value\">2 h<\/span><\/td>\n<\/tr>\n<\/tbody>\n<\/table>\n<\/div>\n<\/div>\n<\/div>\n<\/div>\n<\/div>\n<\/div>\n<\/div>\n","protected":false},"excerpt":{"rendered":"<p>Descripci\u00f3n &nbsp; Descubre el Parlante Karaoke Infantil Port\u00e1til Bluetooth P12, dise\u00f1ado especialmente para los m\u00e1s peque\u00f1os. Con un potente altavoz de 5 W y dos micr\u00f3fonos, este dispositivo ofrece una experiencia de karaoke divertida y envolvente. Su dise\u00f1o port\u00e1til permite llevar la diversi\u00f3n a cualquier lugar, ideal para fiestas, reuniones familiares o simplemente para disfrutar [&hellip;]<\/p>\n","protected":false},"featured_media":0,"comment_status":"open","ping_status":"closed","template":"","meta":{"_acf_changed":false,"_uag_custom_page_level_css":"","_monsterinsights_skip_tracking":false,"_monsterinsights_sitenote_active":false,"_monsterinsights_sitenote_note":"","_monsterinsights_sitenote_category":0,"site-sidebar-layout":"default","site-content-layout":"","ast-site-content-layout":"default","site-content-style":"default","site-sidebar-style":"default","ast-global-header-display":"","ast-banner-title-visibility":"","ast-main-header-display":"","ast-hfb-above-header-display":"","ast-hfb-below-header-display":"","ast-hfb-mobile-header-display":"","site-post-title":"","ast-breadcrumbs-content":"","ast-featured-img":"","footer-sml-layout":"","theme-transparent-header-meta":"default","adv-header-id-meta":"","stick-header-meta":"","header-above-stick-meta":"","header-main-stick-meta":"","header-below-stick-meta":"","astra-migrate-meta-layouts":"set","ast-page-background-enabled":"default","ast-page-background-meta":{"desktop":{"background-color":"","background-image":"","background-repeat":"repeat","background-position":"center center","background-size":"auto","background-attachment":"scroll","background-type":"","background-media":"","overlay-type":"","overlay-color":"","overlay-opacity":"","overlay-gradient":""},"tablet":{"background-color":"","background-image":"","background-repeat":"repeat","background-position":"center center","background-size":"auto","background-attachment":"scroll","background-type":"","background-media":"","overlay-type":"","overlay-color":"","overlay-opacity":"","overlay-gradient":""},"mobile":{"background-color":"","background-image":"","background-repeat":"repeat","background-position":"center center","background-size":"auto","background-attachment":"scroll","background-type":"","background-media":"","overlay-type":"","overlay-color":"","overlay-opacity":"","overlay-gradient":""}},"ast-content-background-meta":{"desktop":{"background-color":"var(--ast-global-color-5)","background-image":"","background-repeat":"repeat","background-position":"center center","background-size":"auto","background-attachment":"scroll","background-type":"","background-media":"","overlay-type":"","overlay-color":"","overlay-opacity":"","overlay-gradient":""},"tablet":{"background-color":"var(--ast-global-color-5)","background-image":"","background-repeat":"repeat","background-position":"center center","background-size":"auto","background-attachment":"scroll","background-type":"","background-media":"","overlay-type":"","overlay-color":"","overlay-opacity":"","overlay-gradient":""},"mobile":{"background-color":"var(--ast-global-color-5)","background-image":"","background-repeat":"repeat","background-position":"center center","background-size":"auto","background-attachment":"scroll","background-type":"","background-media":"","overlay-type":"","overlay-color":"","overlay-opacity":"","overlay-gradient":""}}},"product_brand":[],"product_cat":[16],"product_tag":[],"class_list":{"0":"post-4657","1":"product","2":"type-product","3":"status-publish","5":"product_cat-sin-categorizar","6":"desktop-align-left","7":"tablet-align-left","8":"mobile-align-left","10":"first","11":"instock","12":"sale","13":"shipping-taxable","14":"purchasable","15":"product-type-simple"},"acf":[],"uagb_featured_image_src":{"full":false,"thumbnail":false,"medium":false,"medium_large":false,"large":false,"1536x1536":false,"2048x2048":false,"woocommerce_thumbnail":false,"woocommerce_single":false,"woocommerce_gallery_thumbnail":false,"dgwt-wcas-product-suggestion":false},"uagb_author_info":{"display_name":"Fernando Rueda Avila","author_link":"https:\/\/oferteya.com\/tienda\/author\/"},"uagb_comment_info":0,"uagb_excerpt":"Descripci\u00f3n &nbsp; Descubre el Parlante Karaoke Infantil Port\u00e1til Bluetooth P12, dise\u00f1ado especialmente para los m\u00e1s peque\u00f1os. Con un potente altavoz de 5 W y dos micr\u00f3fonos, este dispositivo ofrece una experiencia de karaoke divertida y envolvente. Su dise\u00f1o port\u00e1til permite llevar la diversi\u00f3n a cualquier lugar, ideal para fiestas, reuniones familiares o simplemente para disfrutar&hellip;","jetpack-related-posts":[],"jetpack_sharing_enabled":true,"_links":{"self":[{"href":"https:\/\/oferteya.com\/tienda\/wp-json\/wp\/v2\/product\/4657","targetHints":{"allow":["GET"]}}],"collection":[{"href":"https:\/\/oferteya.com\/tienda\/wp-json\/wp\/v2\/product"}],"about":[{"href":"https:\/\/oferteya.com\/tienda\/wp-json\/wp\/v2\/types\/product"}],"replies":[{"embeddable":true,"href":"https:\/\/oferteya.com\/tienda\/wp-json\/wp\/v2\/comments?post=4657"}],"wp:attachment":[{"href":"https:\/\/oferteya.com\/tienda\/wp-json\/wp\/v2\/media?parent=4657"}],"wp:term":[{"taxonomy":"product_brand","embeddable":true,"href":"https:\/\/oferteya.com\/tienda\/wp-json\/wp\/v2\/product_brand?post=4657"},{"taxonomy":"product_cat","embeddable":true,"href":"https:\/\/oferteya.com\/tienda\/wp-json\/wp\/v2\/product_cat?post=4657"},{"taxonomy":"product_tag","embeddable":true,"href":"https:\/\/oferteya.com\/tienda\/wp-json\/wp\/v2\/product_tag?post=4657"}],"curies":[{"name":"wp","href":"https:\/\/api.w.org\/{rel}","templated":true}]}}