{"id":4614,"date":"2025-11-18T16:39:26","date_gmt":"2025-11-18T21:39:26","guid":{"rendered":"https:\/\/oferteya.com\/tienda\/?post_type=product&#038;p=4614"},"modified":"2025-11-18T16:39:26","modified_gmt":"2025-11-18T21:39:26","slug":"portarretratos-digital-en-acrilico-10-pantalla-tactil-8gb-blanco","status":"publish","type":"product","link":"https:\/\/oferteya.com\/tienda\/producto\/portarretratos-digital-en-acrilico-10-pantalla-tactil-8gb-blanco\/","title":{"rendered":"Portarretratos Digital En Acr\u00edlico 10 Pantalla T\u00e1ctil 8gb Blanco"},"content":{"rendered":"<h2 class=\"ui-pdp-description__title\" data-testid=\"title\">Descripci\u00f3n<\/h2>\n<p class=\"ui-pdp-description__content\" data-testid=\"content\">Descubre el portarretratos digital en acr\u00edlico de 10&#8243; que transformar\u00e1 la forma en que compartes tus recuerdos. Con una pantalla de 10 pulgadas y una resoluci\u00f3n de 1920&#215;1080, podr\u00e1s disfrutar de tus fotos y videos con una calidad impresionante. Su capacidad de almacenamiento de 8 GB te permite guardar una amplia colecci\u00f3n de im\u00e1genes y videos, asegurando que siempre tengas a mano tus momentos m\u00e1s preciados.<\/p>\n<p>Este modelo vers\u00e1til no solo muestra fotos digitales, sino que tambi\u00e9n reproduce videos y audio en formato mp3, brindando una experiencia multimedia completa. Incluye todos los accesorios necesarios, como un cable de carga, cargador y un pa\u00f1o para mantener la pantalla impecable. Su puerto tipo C permite una f\u00e1cil transmisi\u00f3n de datos, haciendo que la carga y la conexi\u00f3n sean r\u00e1pidas y sencillas.<\/p>\n<p>Ideal para cualquier espacio, este portarretratos digital se adapta a tu estilo de vida, ya sea en casa, en la oficina o como un regalo significativo. Su dise\u00f1o elegante en acr\u00edlico complementa cualquier decoraci\u00f3n, convirti\u00e9ndolo en un elemento atractivo y funcional. Disfruta de la comodidad de revivir tus recuerdos de una manera moderna y atractiva.<\/p>\n<p>Garant\u00eda del vendedor: 3 meses<\/p>\n<div class=\"ui-pdp-container__row ui-pdp-container__row--highlighted-specs-title\">\n<h2 class=\"ui-vpp-text-alignment--left ui-pdp-color--BLACK ui-pdp-size--XLARGE ui-pdp-family--REGULAR highlighted-specs-title\">Caracter\u00edsticas del producto<\/h2>\n<\/div>\n<div class=\"ui-pdp-container__row ui-pdp-container__row--technical-specifications\">\n<div class=\"ui-pdp-collapsable ui-vpp-highlighted-specs__striped-collapsed__action\">\n<div class=\"ui-pdp-collapsable__container\">\n<div class=\"ui-vpp-highlighted-specs__striped-specs\">\n<div class=\"ui-vpp-striped-specs\">\n<div class=\"ui-vpp-striped-specs__table\">\n<h3 class=\"ui-vpp-striped-specs__header\"><\/h3>\n<table class=\"andes-table\">\n<tbody class=\"andes-table__body\">\n<tr class=\"andes-table__row ui-vpp-striped-specs__row\">\n<th class=\"andes-table__header andes-table__header--left ui-vpp-striped-specs__row__column ui-vpp-striped-specs__row__column--id\" scope=\"row\">\n<div class=\"andes-table__header__container\">Marca<\/div>\n<\/th>\n<td id=\":Rkjqlpakp7te:\" class=\"andes-table__column andes-table__column--left andes-table__column--vertical-align-center ui-vpp-striped-specs__row__column\"><span id=\":Rkjqlpakp7te:-value\" class=\"andes-table__column--value\">Gen\u00e9rica<\/span><\/td>\n<\/tr>\n<tr class=\"andes-table__row ui-vpp-striped-specs__row\">\n<th class=\"andes-table__header andes-table__header--left ui-vpp-striped-specs__row__column ui-vpp-striped-specs__row__column--id\" scope=\"row\">\n<div class=\"andes-table__header__container\">Modelo<\/div>\n<\/th>\n<td id=\":Rklqlpakp7te:\" class=\"andes-table__column andes-table__column--left andes-table__column--vertical-align-center ui-vpp-striped-specs__row__column\"><span id=\":Rklqlpakp7te:-value\" class=\"andes-table__column--value\">Marco de fotos digital<\/span><\/td>\n<\/tr>\n<tr class=\"andes-table__row ui-vpp-striped-specs__row\">\n<th class=\"andes-table__header andes-table__header--left ui-vpp-striped-specs__row__column ui-vpp-striped-specs__row__column--id\" scope=\"row\">\n<div class=\"andes-table__header__container\">Color<\/div>\n<\/th>\n<td id=\":Rknqlpakp7te:\" class=\"andes-table__column andes-table__column--left andes-table__column--vertical-align-center ui-vpp-striped-specs__row__column\"><span id=\":Rknqlpakp7te:-value\" class=\"andes-table__column--value\">Blanco<\/span><\/td>\n<\/tr>\n<tr class=\"andes-table__row ui-vpp-striped-specs__row\">\n<th class=\"andes-table__header andes-table__header--left ui-vpp-striped-specs__row__column ui-vpp-striped-specs__row__column--id\" scope=\"row\">\n<div class=\"andes-table__header__container\">Tama\u00f1o de la pantalla<\/div>\n<\/th>\n<td id=\":Rkpqlpakp7te:\" class=\"andes-table__column andes-table__column--left andes-table__column--vertical-align-center ui-vpp-striped-specs__row__column\"><span id=\":Rkpqlpakp7te:-value\" class=\"andes-table__column--value\">10 &#8220;<\/span><\/td>\n<\/tr>\n<\/tbody>\n<\/table>\n<\/div>\n<\/div>\n<div class=\"ui-vpp-striped-specs\">\n<div class=\"ui-vpp-striped-specs__table\">\n<h3 class=\"ui-vpp-striped-specs__header\">Otros<\/h3>\n<p>&nbsp;<\/p>\n<table class=\"andes-table\">\n<tbody class=\"andes-table__body\">\n<tr class=\"andes-table__row ui-vpp-striped-specs__row\">\n<th class=\"andes-table__header andes-table__header--left ui-vpp-striped-specs__row__column ui-vpp-striped-specs__row__column--id\" scope=\"row\">\n<div class=\"andes-table__header__container\">Funciones<\/div>\n<\/th>\n<td id=\":Rkjr5pakp7te:\" class=\"andes-table__column andes-table__column--left andes-table__column--vertical-align-center ui-vpp-striped-specs__row__column\"><span id=\":Rkjr5pakp7te:-value\" class=\"andes-table__column--value\">Mostrar fotos digitales, reproducci\u00f3n de video, reproducci\u00f3n de audio, puerto tipo c para transmitir<\/span><\/td>\n<\/tr>\n<tr class=\"andes-table__row ui-vpp-striped-specs__row\">\n<th class=\"andes-table__header andes-table__header--left ui-vpp-striped-specs__row__column ui-vpp-striped-specs__row__column--id\" scope=\"row\">\n<div class=\"andes-table__header__container\">Capacidad de almacenamiento de datos<\/div>\n<\/th>\n<td id=\":Rklr5pakp7te:\" class=\"andes-table__column andes-table__column--left andes-table__column--vertical-align-center ui-vpp-striped-specs__row__column\"><span id=\":Rklr5pakp7te:-value\" class=\"andes-table__column--value\">8 GB<\/span><\/td>\n<\/tr>\n<tr class=\"andes-table__row ui-vpp-striped-specs__row\">\n<th class=\"andes-table__header andes-table__header--left ui-vpp-striped-specs__row__column ui-vpp-striped-specs__row__column--id\" scope=\"row\">\n<div class=\"andes-table__header__container\">Formato de video<\/div>\n<\/th>\n<td id=\":Rknr5pakp7te:\" class=\"andes-table__column andes-table__column--left andes-table__column--vertical-align-center ui-vpp-striped-specs__row__column\"><span id=\":Rknr5pakp7te:-value\" class=\"andes-table__column--value\">1920*1080<\/span><\/td>\n<\/tr>\n<tr class=\"andes-table__row ui-vpp-striped-specs__row\">\n<th class=\"andes-table__header andes-table__header--left ui-vpp-striped-specs__row__column ui-vpp-striped-specs__row__column--id\" scope=\"row\">\n<div class=\"andes-table__header__container\">Formato de audio<\/div>\n<\/th>\n<td id=\":Rkpr5pakp7te:\" class=\"andes-table__column andes-table__column--left andes-table__column--vertical-align-center ui-vpp-striped-specs__row__column\"><span id=\":Rkpr5pakp7te:-value\" class=\"andes-table__column--value\">mp3<\/span><\/td>\n<\/tr>\n<tr class=\"andes-table__row ui-vpp-striped-specs__row\">\n<th class=\"andes-table__header andes-table__header--left ui-vpp-striped-specs__row__column ui-vpp-striped-specs__row__column--id\" scope=\"row\">\n<div class=\"andes-table__header__container\">Formato de la imagen<\/div>\n<\/th>\n<td id=\":Rkrr5pakp7te:\" class=\"andes-table__column andes-table__column--left andes-table__column--vertical-align-center ui-vpp-striped-specs__row__column\"><span id=\":Rkrr5pakp7te:-value\" class=\"andes-table__column--value\">Todos los formatos de imagen, mejor Jpeg\/Png\/Bmp<\/span><\/td>\n<\/tr>\n<tr class=\"andes-table__row ui-vpp-striped-specs__row\">\n<th class=\"andes-table__header andes-table__header--left ui-vpp-striped-specs__row__column ui-vpp-striped-specs__row__column--id\" scope=\"row\">\n<div class=\"andes-table__header__container\">Incluye accesorios<\/div>\n<\/th>\n<td id=\":Rktr5pakp7te:\" class=\"andes-table__column andes-table__column--left andes-table__column--vertical-align-center ui-vpp-striped-specs__row__column\"><span id=\":Rktr5pakp7te:-value\" class=\"andes-table__column--value\">S\u00ed<\/span><\/td>\n<\/tr>\n<tr class=\"andes-table__row ui-vpp-striped-specs__row\">\n<th class=\"andes-table__header andes-table__header--left ui-vpp-striped-specs__row__column ui-vpp-striped-specs__row__column--id\" scope=\"row\">\n<div class=\"andes-table__header__container\">Accesorios incluidos<\/div>\n<\/th>\n<td id=\":Rkvr5pakp7te:\" class=\"andes-table__column andes-table__column--left andes-table__column--vertical-align-center ui-vpp-striped-specs__row__column\"><span id=\":Rkvr5pakp7te:-value\" class=\"andes-table__column--value\">Cable de carga, Portarretrato, caragador, pa\u00f1o para limpiar<\/span><\/td>\n<\/tr>\n<\/tbody>\n<\/table>\n<\/div>\n<\/div>\n<\/div>\n<\/div>\n<\/div>\n<\/div>\n","protected":false},"excerpt":{"rendered":"<ul class=\"ui-vpp-highlighted-specs__features-list\">\n<li class=\"ui-vpp-highlighted-specs__features-list-item ui-pdp-color--BLACK ui-pdp-size--XSMALL ui-pdp-family--REGULAR\">Tama\u00f1o de la pantalla: 10 &#8220;<\/li>\n<li class=\"ui-vpp-highlighted-specs__features-list-item ui-pdp-color--BLACK ui-pdp-size--XSMALL ui-pdp-family--REGULAR\">Capacidad de almacenamiento de datos de 8GB.<\/li>\n<\/ul>\n","protected":false},"featured_media":4617,"comment_status":"open","ping_status":"closed","template":"","meta":{"_acf_changed":false,"_uag_custom_page_level_css":"","_monsterinsights_skip_tracking":false,"_monsterinsights_sitenote_active":false,"_monsterinsights_sitenote_note":"","_monsterinsights_sitenote_category":0,"site-sidebar-layout":"default","site-content-layout":"","ast-site-content-layout":"default","site-content-style":"default","site-sidebar-style":"default","ast-global-header-display":"","ast-banner-title-visibility":"","ast-main-header-display":"","ast-hfb-above-header-display":"","ast-hfb-below-header-display":"","ast-hfb-mobile-header-display":"","site-post-title":"","ast-breadcrumbs-content":"","ast-featured-img":"","footer-sml-layout":"","theme-transparent-header-meta":"default","adv-header-id-meta":"","stick-header-meta":"","header-above-stick-meta":"","header-main-stick-meta":"","header-below-stick-meta":"","astra-migrate-meta-layouts":"set","ast-page-background-enabled":"default","ast-page-background-meta":{"desktop":{"background-color":"","background-image":"","background-repeat":"repeat","background-position":"center center","background-size":"auto","background-attachment":"scroll","background-type":"","background-media":"","overlay-type":"","overlay-color":"","overlay-opacity":"","overlay-gradient":""},"tablet":{"background-color":"","background-image":"","background-repeat":"repeat","background-position":"center center","background-size":"auto","background-attachment":"scroll","background-type":"","background-media":"","overlay-type":"","overlay-color":"","overlay-opacity":"","overlay-gradient":""},"mobile":{"background-color":"","background-image":"","background-repeat":"repeat","background-position":"center center","background-size":"auto","background-attachment":"scroll","background-type":"","background-media":"","overlay-type":"","overlay-color":"","overlay-opacity":"","overlay-gradient":""}},"ast-content-background-meta":{"desktop":{"background-color":"var(--ast-global-color-5)","background-image":"","background-repeat":"repeat","background-position":"center center","background-size":"auto","background-attachment":"scroll","background-type":"","background-media":"","overlay-type":"","overlay-color":"","overlay-opacity":"","overlay-gradient":""},"tablet":{"background-color":"var(--ast-global-color-5)","background-image":"","background-repeat":"repeat","background-position":"center center","background-size":"auto","background-attachment":"scroll","background-type":"","background-media":"","overlay-type":"","overlay-color":"","overlay-opacity":"","overlay-gradient":""},"mobile":{"background-color":"var(--ast-global-color-5)","background-image":"","background-repeat":"repeat","background-position":"center center","background-size":"auto","background-attachment":"scroll","background-type":"","background-media":"","overlay-type":"","overlay-color":"","overlay-opacity":"","overlay-gradient":""}}},"product_brand":[],"product_cat":[142,370],"product_tag":[],"class_list":{"0":"post-4614","1":"product","2":"type-product","3":"status-publish","4":"has-post-thumbnail","6":"product_cat-catalogo","7":"product_cat-portarretrato-digital","8":"desktop-align-left","9":"tablet-align-left","10":"mobile-align-left","12":"first","13":"instock","14":"shipping-taxable","15":"purchasable","16":"product-type-simple"},"acf":[],"uagb_featured_image_src":{"full":["https:\/\/i0.wp.com\/oferteya.com\/tienda\/wp-content\/uploads\/2025\/11\/D_NQ_NP_2X_933168-MCO97860487313_112025-F.webp?fit=877%2C1199&ssl=1",877,1199,false],"thumbnail":["https:\/\/i0.wp.com\/oferteya.com\/tienda\/wp-content\/uploads\/2025\/11\/D_NQ_NP_2X_933168-MCO97860487313_112025-F.webp?resize=150%2C150&ssl=1",150,150,true],"medium":["https:\/\/i0.wp.com\/oferteya.com\/tienda\/wp-content\/uploads\/2025\/11\/D_NQ_NP_2X_933168-MCO97860487313_112025-F.webp?fit=219%2C300&ssl=1",219,300,true],"medium_large":["https:\/\/i0.wp.com\/oferteya.com\/tienda\/wp-content\/uploads\/2025\/11\/D_NQ_NP_2X_933168-MCO97860487313_112025-F.webp?fit=768%2C1050&ssl=1",768,1050,true],"large":["https:\/\/i0.wp.com\/oferteya.com\/tienda\/wp-content\/uploads\/2025\/11\/D_NQ_NP_2X_933168-MCO97860487313_112025-F.webp?fit=749%2C1024&ssl=1",749,1024,true],"1536x1536":["https:\/\/i0.wp.com\/oferteya.com\/tienda\/wp-content\/uploads\/2025\/11\/D_NQ_NP_2X_933168-MCO97860487313_112025-F.webp?fit=877%2C1199&ssl=1",877,1199,true],"2048x2048":["https:\/\/i0.wp.com\/oferteya.com\/tienda\/wp-content\/uploads\/2025\/11\/D_NQ_NP_2X_933168-MCO97860487313_112025-F.webp?fit=877%2C1199&ssl=1",877,1199,true],"woocommerce_thumbnail":["https:\/\/i0.wp.com\/oferteya.com\/tienda\/wp-content\/uploads\/2025\/11\/D_NQ_NP_2X_933168-MCO97860487313_112025-F.webp?resize=300%2C300&ssl=1",300,300,true],"woocommerce_single":["https:\/\/i0.wp.com\/oferteya.com\/tienda\/wp-content\/uploads\/2025\/11\/D_NQ_NP_2X_933168-MCO97860487313_112025-F.webp?fit=600%2C820&ssl=1",600,820,true],"woocommerce_gallery_thumbnail":["https:\/\/i0.wp.com\/oferteya.com\/tienda\/wp-content\/uploads\/2025\/11\/D_NQ_NP_2X_933168-MCO97860487313_112025-F.webp?resize=100%2C100&ssl=1",100,100,true],"dgwt-wcas-product-suggestion":["https:\/\/i0.wp.com\/oferteya.com\/tienda\/wp-content\/uploads\/2025\/11\/D_NQ_NP_2X_933168-MCO97860487313_112025-F.webp?fit=64%2C87&ssl=1",64,87,true]},"uagb_author_info":{"display_name":"Fernando Rueda Avila","author_link":"https:\/\/oferteya.com\/tienda\/author\/"},"uagb_comment_info":0,"uagb_excerpt":"Tama\u00f1o de la pantalla: 10 \" Capacidad de almacenamiento de datos de 8GB.","jetpack-related-posts":[],"jetpack_sharing_enabled":true,"_links":{"self":[{"href":"https:\/\/oferteya.com\/tienda\/wp-json\/wp\/v2\/product\/4614","targetHints":{"allow":["GET"]}}],"collection":[{"href":"https:\/\/oferteya.com\/tienda\/wp-json\/wp\/v2\/product"}],"about":[{"href":"https:\/\/oferteya.com\/tienda\/wp-json\/wp\/v2\/types\/product"}],"replies":[{"embeddable":true,"href":"https:\/\/oferteya.com\/tienda\/wp-json\/wp\/v2\/comments?post=4614"}],"wp:featuredmedia":[{"embeddable":true,"href":"https:\/\/oferteya.com\/tienda\/wp-json\/wp\/v2\/media\/4617"}],"wp:attachment":[{"href":"https:\/\/oferteya.com\/tienda\/wp-json\/wp\/v2\/media?parent=4614"}],"wp:term":[{"taxonomy":"product_brand","embeddable":true,"href":"https:\/\/oferteya.com\/tienda\/wp-json\/wp\/v2\/product_brand?post=4614"},{"taxonomy":"product_cat","embeddable":true,"href":"https:\/\/oferteya.com\/tienda\/wp-json\/wp\/v2\/product_cat?post=4614"},{"taxonomy":"product_tag","embeddable":true,"href":"https:\/\/oferteya.com\/tienda\/wp-json\/wp\/v2\/product_tag?post=4614"}],"curies":[{"name":"wp","href":"https:\/\/api.w.org\/{rel}","templated":true}]}}