{"id":4589,"date":"2025-11-18T16:14:07","date_gmt":"2025-11-18T21:14:07","guid":{"rendered":"https:\/\/oferteya.com\/tienda\/?post_type=product&#038;p=4589"},"modified":"2025-11-18T16:19:51","modified_gmt":"2025-11-18T21:19:51","slug":"soporte-celular-seguimiento-facial-360-ultra-pro-auto-face-tracking-negro","status":"publish","type":"product","link":"https:\/\/oferteya.com\/tienda\/producto\/soporte-celular-seguimiento-facial-360-ultra-pro-auto-face-tracking-negro\/","title":{"rendered":"Soporte Celular Seguimiento Facial 360 Ultra Pro Auto Face Tracking Negro"},"content":{"rendered":"<h2 class=\"ui-pdp-description__title\" data-testid=\"title\">Descripci\u00f3n<\/h2>\n<div class=\"ui-pdp-container__row ui-pdp-container__row--technical-specifications\">\n<div class=\"ui-pdp-collapsable ui-vpp-highlighted-specs__striped-collapsed__action\">\n<div class=\"ui-pdp-collapsable__container\">\n<div class=\"ui-vpp-highlighted-specs__striped-specs\">\n<div class=\"ui-vpp-striped-specs\">\n<div class=\"ui-vpp-striped-specs__table\">1. Seguimiento inteligente de reconocimiento facial de 360 \u00b0, reconocimiento inteligente de gestos.<br \/>\n2. La lente se puede ajustar hacia arriba y hacia abajo para facilitar el disparo.<br \/>\n3. Se puede utilizar con mini c\u00e1mara y c\u00e1mara de acci\u00f3n.<br \/>\n4. Se puede utilizar con un tr\u00edpode con interfaz de tuerca 1\/4 (el tr\u00edpode debe comprarse por separado).<br \/>\n5. Disparo horizontal y vertical de 360 \u00b0 del soporte del tel\u00e9fono m\u00f3vil, disparo delantero y trasero de 180 \u00b0.<br \/>\n6. Clip de tel\u00e9fono celular desmontable, se puede utilizar como soporte de tel\u00e9fono celular de escritorio.<br \/>\n7. Anillo de luz colorido que indica claramente el estado del producto.<\/div>\n<div><\/div>\n<\/div>\n<div>\n<div class=\"ui-pdp-container__row ui-pdp-container__row--highlighted-specs-title\">\n<h2 class=\"ui-vpp-text-alignment--left ui-pdp-color--BLACK ui-pdp-size--XLARGE ui-pdp-family--REGULAR highlighted-specs-title\">Caracter\u00edsticas del producto<\/h2>\n<\/div>\n<div class=\"ui-pdp-container__row ui-pdp-container__row--technical-specifications\">\n<div class=\"ui-pdp-collapsable ui-vpp-highlighted-specs__striped-collapsed__action\">\n<div class=\"ui-pdp-collapsable__container\">\n<div class=\"ui-vpp-highlighted-specs__striped-specs\">\n<div class=\"ui-vpp-striped-specs\">\n<div class=\"ui-vpp-striped-specs__table\">\n<h3 class=\"ui-vpp-striped-specs__header\"><\/h3>\n<table class=\"andes-table\">\n<tbody class=\"andes-table__body\">\n<tr class=\"andes-table__row ui-vpp-striped-specs__row\">\n<th class=\"andes-table__header andes-table__header--left ui-vpp-striped-specs__row__column ui-vpp-striped-specs__row__column--id\" scope=\"row\">\n<div class=\"andes-table__header__container\">Marca<\/div>\n<\/th>\n<td id=\":Rabqlpakp7te:\" class=\"andes-table__column andes-table__column--left andes-table__column--vertical-align-center ui-vpp-striped-specs__row__column\"><span id=\":Rabqlpakp7te:-value\" class=\"andes-table__column--value\">Ultra Pro<\/span><\/td>\n<\/tr>\n<tr class=\"andes-table__row ui-vpp-striped-specs__row\">\n<th class=\"andes-table__header andes-table__header--left ui-vpp-striped-specs__row__column ui-vpp-striped-specs__row__column--id\" scope=\"row\">\n<div class=\"andes-table__header__container\">Modelo<\/div>\n<\/th>\n<td id=\":Radqlpakp7te:\" class=\"andes-table__column andes-table__column--left andes-table__column--vertical-align-center ui-vpp-striped-specs__row__column\"><span id=\":Radqlpakp7te:-value\" class=\"andes-table__column--value\">Auto Face Tracking<\/span><\/td>\n<\/tr>\n<tr class=\"andes-table__row ui-vpp-striped-specs__row\">\n<th class=\"andes-table__header andes-table__header--left ui-vpp-striped-specs__row__column ui-vpp-striped-specs__row__column--id\" scope=\"row\">\n<div class=\"andes-table__header__container\">Color<\/div>\n<\/th>\n<td id=\":Rafqlpakp7te:\" class=\"andes-table__column andes-table__column--left andes-table__column--vertical-align-center ui-vpp-striped-specs__row__column\"><span id=\":Rafqlpakp7te:-value\" class=\"andes-table__column--value\">Negro<\/span><\/td>\n<\/tr>\n<\/tbody>\n<\/table>\n<\/div>\n<\/div>\n<div class=\"ui-vpp-striped-specs\">\n<div class=\"ui-vpp-striped-specs__table\">\n<h3 class=\"ui-vpp-striped-specs__header\">Otros<\/h3>\n<table class=\"andes-table\">\n<tbody class=\"andes-table__body\">\n<tr class=\"andes-table__row ui-vpp-striped-specs__row\">\n<th class=\"andes-table__header andes-table__header--left ui-vpp-striped-specs__row__column ui-vpp-striped-specs__row__column--id\" scope=\"row\">\n<div class=\"andes-table__header__container\">Tipos de soporte<\/div>\n<\/th>\n<td id=\":Rabr5pakp7te:\" class=\"andes-table__column andes-table__column--left andes-table__column--vertical-align-center ui-vpp-striped-specs__row__column\"><span id=\":Rabr5pakp7te:-value\" class=\"andes-table__column--value\">soporte celular<\/span><\/td>\n<\/tr>\n<tr class=\"andes-table__row ui-vpp-striped-specs__row\">\n<th class=\"andes-table__header andes-table__header--left ui-vpp-striped-specs__row__column ui-vpp-striped-specs__row__column--id\" scope=\"row\">\n<div class=\"andes-table__header__container\">Materiales<\/div>\n<\/th>\n<td id=\":Radr5pakp7te:\" class=\"andes-table__column andes-table__column--left andes-table__column--vertical-align-center ui-vpp-striped-specs__row__column\"><span id=\":Radr5pakp7te:-value\" class=\"andes-table__column--value\">Pl\u00e1stico<\/span><\/td>\n<\/tr>\n<tr class=\"andes-table__row ui-vpp-striped-specs__row\">\n<th class=\"andes-table__header andes-table__header--left ui-vpp-striped-specs__row__column ui-vpp-striped-specs__row__column--id\" scope=\"row\">\n<div class=\"andes-table__header__container\">Peso m\u00e1ximo soportado<\/div>\n<\/th>\n<td id=\":Rafr5pakp7te:\" class=\"andes-table__column andes-table__column--left andes-table__column--vertical-align-center ui-vpp-striped-specs__row__column\"><span id=\":Rafr5pakp7te:-value\" class=\"andes-table__column--value\">900 g<\/span><\/td>\n<\/tr>\n<\/tbody>\n<\/table>\n<\/div>\n<\/div>\n<\/div>\n<\/div>\n<\/div>\n<\/div>\n<\/div>\n<\/div>\n<\/div>\n<\/div>\n<\/div>\n","protected":false},"excerpt":{"rendered":"<p><img decoding=\"async\" class=\"\" src=\"https:\/\/oferteya.com\/intranet\/imagenes\/iconos\/bluetooth.png\" \/> Si.<\/p>\n<p><img decoding=\"async\" class=\"\" src=\"https:\/\/oferteya.com\/intranet\/imagenes\/iconos\/color.png\" \/> Negro.<\/p>\n","protected":false},"featured_media":4591,"comment_status":"open","ping_status":"closed","template":"","meta":{"_acf_changed":false,"_uag_custom_page_level_css":"","_monsterinsights_skip_tracking":false,"_monsterinsights_sitenote_active":false,"_monsterinsights_sitenote_note":"","_monsterinsights_sitenote_category":0,"site-sidebar-layout":"default","site-content-layout":"","ast-site-content-layout":"default","site-content-style":"default","site-sidebar-style":"default","ast-global-header-display":"","ast-banner-title-visibility":"","ast-main-header-display":"","ast-hfb-above-header-display":"","ast-hfb-below-header-display":"","ast-hfb-mobile-header-display":"","site-post-title":"","ast-breadcrumbs-content":"","ast-featured-img":"","footer-sml-layout":"","theme-transparent-header-meta":"default","adv-header-id-meta":"","stick-header-meta":"","header-above-stick-meta":"","header-main-stick-meta":"","header-below-stick-meta":"","astra-migrate-meta-layouts":"set","ast-page-background-enabled":"default","ast-page-background-meta":{"desktop":{"background-color":"","background-image":"","background-repeat":"repeat","background-position":"center center","background-size":"auto","background-attachment":"scroll","background-type":"","background-media":"","overlay-type":"","overlay-color":"","overlay-opacity":"","overlay-gradient":""},"tablet":{"background-color":"","background-image":"","background-repeat":"repeat","background-position":"center center","background-size":"auto","background-attachment":"scroll","background-type":"","background-media":"","overlay-type":"","overlay-color":"","overlay-opacity":"","overlay-gradient":""},"mobile":{"background-color":"","background-image":"","background-repeat":"repeat","background-position":"center center","background-size":"auto","background-attachment":"scroll","background-type":"","background-media":"","overlay-type":"","overlay-color":"","overlay-opacity":"","overlay-gradient":""}},"ast-content-background-meta":{"desktop":{"background-color":"var(--ast-global-color-5)","background-image":"","background-repeat":"repeat","background-position":"center center","background-size":"auto","background-attachment":"scroll","background-type":"","background-media":"","overlay-type":"","overlay-color":"","overlay-opacity":"","overlay-gradient":""},"tablet":{"background-color":"var(--ast-global-color-5)","background-image":"","background-repeat":"repeat","background-position":"center center","background-size":"auto","background-attachment":"scroll","background-type":"","background-media":"","overlay-type":"","overlay-color":"","overlay-opacity":"","overlay-gradient":""},"mobile":{"background-color":"var(--ast-global-color-5)","background-image":"","background-repeat":"repeat","background-position":"center center","background-size":"auto","background-attachment":"scroll","background-type":"","background-media":"","overlay-type":"","overlay-color":"","overlay-opacity":"","overlay-gradient":""}}},"product_brand":[],"product_cat":[29,142,141,364],"product_tag":[],"class_list":{"0":"post-4589","1":"product","2":"type-product","3":"status-publish","4":"has-post-thumbnail","6":"product_cat-audio-y-video","7":"product_cat-catalogo","8":"product_cat-destacados_inicio","9":"product_cat-soportes","10":"desktop-align-left","11":"tablet-align-left","12":"mobile-align-left","14":"first","15":"instock","16":"shipping-taxable","17":"purchasable","18":"product-type-simple"},"acf":[],"uagb_featured_image_src":{"full":["https:\/\/i0.wp.com\/oferteya.com\/tienda\/wp-content\/uploads\/2025\/11\/D_NQ_NP_2X_654175-MLA96219839828_102025-F.webp?fit=1192%2C1200&ssl=1",1192,1200,false],"thumbnail":["https:\/\/i0.wp.com\/oferteya.com\/tienda\/wp-content\/uploads\/2025\/11\/D_NQ_NP_2X_654175-MLA96219839828_102025-F.webp?resize=150%2C150&ssl=1",150,150,true],"medium":["https:\/\/i0.wp.com\/oferteya.com\/tienda\/wp-content\/uploads\/2025\/11\/D_NQ_NP_2X_654175-MLA96219839828_102025-F.webp?fit=298%2C300&ssl=1",298,300,true],"medium_large":["https:\/\/i0.wp.com\/oferteya.com\/tienda\/wp-content\/uploads\/2025\/11\/D_NQ_NP_2X_654175-MLA96219839828_102025-F.webp?fit=768%2C773&ssl=1",768,773,true],"large":["https:\/\/i0.wp.com\/oferteya.com\/tienda\/wp-content\/uploads\/2025\/11\/D_NQ_NP_2X_654175-MLA96219839828_102025-F.webp?fit=1017%2C1024&ssl=1",1017,1024,true],"1536x1536":["https:\/\/i0.wp.com\/oferteya.com\/tienda\/wp-content\/uploads\/2025\/11\/D_NQ_NP_2X_654175-MLA96219839828_102025-F.webp?fit=1192%2C1200&ssl=1",1192,1200,true],"2048x2048":["https:\/\/i0.wp.com\/oferteya.com\/tienda\/wp-content\/uploads\/2025\/11\/D_NQ_NP_2X_654175-MLA96219839828_102025-F.webp?fit=1192%2C1200&ssl=1",1192,1200,true],"woocommerce_thumbnail":["https:\/\/i0.wp.com\/oferteya.com\/tienda\/wp-content\/uploads\/2025\/11\/D_NQ_NP_2X_654175-MLA96219839828_102025-F.webp?resize=300%2C300&ssl=1",300,300,true],"woocommerce_single":["https:\/\/i0.wp.com\/oferteya.com\/tienda\/wp-content\/uploads\/2025\/11\/D_NQ_NP_2X_654175-MLA96219839828_102025-F.webp?fit=600%2C604&ssl=1",600,604,true],"woocommerce_gallery_thumbnail":["https:\/\/i0.wp.com\/oferteya.com\/tienda\/wp-content\/uploads\/2025\/11\/D_NQ_NP_2X_654175-MLA96219839828_102025-F.webp?resize=100%2C100&ssl=1",100,100,true],"dgwt-wcas-product-suggestion":["https:\/\/i0.wp.com\/oferteya.com\/tienda\/wp-content\/uploads\/2025\/11\/D_NQ_NP_2X_654175-MLA96219839828_102025-F.webp?fit=64%2C64&ssl=1",64,64,true]},"uagb_author_info":{"display_name":"Fernando Rueda Avila","author_link":"https:\/\/oferteya.com\/tienda\/author\/"},"uagb_comment_info":0,"uagb_excerpt":"Si. Negro.","jetpack-related-posts":[],"jetpack_sharing_enabled":true,"_links":{"self":[{"href":"https:\/\/oferteya.com\/tienda\/wp-json\/wp\/v2\/product\/4589","targetHints":{"allow":["GET"]}}],"collection":[{"href":"https:\/\/oferteya.com\/tienda\/wp-json\/wp\/v2\/product"}],"about":[{"href":"https:\/\/oferteya.com\/tienda\/wp-json\/wp\/v2\/types\/product"}],"replies":[{"embeddable":true,"href":"https:\/\/oferteya.com\/tienda\/wp-json\/wp\/v2\/comments?post=4589"}],"wp:featuredmedia":[{"embeddable":true,"href":"https:\/\/oferteya.com\/tienda\/wp-json\/wp\/v2\/media\/4591"}],"wp:attachment":[{"href":"https:\/\/oferteya.com\/tienda\/wp-json\/wp\/v2\/media?parent=4589"}],"wp:term":[{"taxonomy":"product_brand","embeddable":true,"href":"https:\/\/oferteya.com\/tienda\/wp-json\/wp\/v2\/product_brand?post=4589"},{"taxonomy":"product_cat","embeddable":true,"href":"https:\/\/oferteya.com\/tienda\/wp-json\/wp\/v2\/product_cat?post=4589"},{"taxonomy":"product_tag","embeddable":true,"href":"https:\/\/oferteya.com\/tienda\/wp-json\/wp\/v2\/product_tag?post=4589"}],"curies":[{"name":"wp","href":"https:\/\/api.w.org\/{rel}","templated":true}]}}