{"id":4527,"date":"2025-11-18T15:09:47","date_gmt":"2025-11-18T20:09:47","guid":{"rendered":"https:\/\/oferteya.com\/tienda\/?post_type=product&#038;p=4527"},"modified":"2025-11-28T12:42:05","modified_gmt":"2025-11-28T17:42:05","slug":"maquina-boxeo-musical-montaje-pared-adultos-ninos-bluetooth","status":"publish","type":"product","link":"https:\/\/oferteya.com\/tienda\/producto\/maquina-boxeo-musical-montaje-pared-adultos-ninos-bluetooth\/","title":{"rendered":"Maquina Boxeo Musical Montaje Pared Adultos Ni\u00f1os Bluetooth"},"content":{"rendered":"<div class=\"ui-pdp-container__row\">\n<div class=\"ui-pdp-container__col col-1 pl-24 pr-24\">\n<div class=\"ui-pdp-collapsable mt-24 ui-pdp-description-collapse\">\n<div class=\"ui-pdp-collapsable__container\">\n<div id=\"description\" class=\"ui-pdp-description\">\n<h2 class=\"ui-pdp-description__title\" data-testid=\"title\">Descripci\u00f3n<\/h2>\n<p class=\"ui-pdp-description__content\" data-testid=\"content\">Transforma tu espacio en un aut\u00e9ntico gimnasio con la M\u00e1quina de Boxeo Musical de Montaje en Pared. Dise\u00f1ada para adultos y ni\u00f1os, esta m\u00e1quina no solo ofrece un entrenamiento f\u00edsico efectivo, sino que tambi\u00e9n incorpora tecnolog\u00eda Bluetooth para que puedas disfrutar de tu m\u00fasica favorita mientras te ejercitas.<\/p>\n<p>Fabricada con materiales de alta calidad, garantiza durabilidad y resistencia, permitiendo que cada golpe se sienta potente y satisfactorio. Su dise\u00f1o compacto y funcional se adapta a cualquier pared, convirtiendo cualquier habitaci\u00f3n en un \u00e1rea de entrenamiento divertida y din\u00e1mica.<\/p>\n<p>Ideal para quienes buscan mejorar su condici\u00f3n f\u00edsica, liberar estr\u00e9s o simplemente disfrutar de un rato de diversi\u00f3n en familia. Con esta m\u00e1quina, cada sesi\u00f3n de boxeo se convierte en una experiencia \u00fanica que combina ejercicio y entretenimiento.<\/p>\n<p>No importa si eres principiante o un boxeador experimentado, esta m\u00e1quina se ajusta a tus necesidades y te motiva a alcanzar tus objetivos de fitness. Dale un giro a tu rutina diaria y descubre el placer de entrenar con ritmo y energ\u00eda.<\/p>\n<p>Garant\u00eda del vendedor: 90 d\u00edas<\/p>\n<\/div>\n<\/div>\n<\/div>\n<\/div>\n<\/div>\n<div class=\"ui-pdp-container__row\">\n<div class=\"ui-pdp-container__col col-1\"><\/div>\n<\/div>\n<div class=\"ui-pdp-container__row ui-pdp-recommendations-row\">\n<div class=\"ui-pdp-container__col col-1\">\n<div class=\"ui-pdp-spot-middle\">\n<section class=\"ui-recommendations-carousel-wrapper-ref ui-recommendations-over-white-background\">\n<div class=\"ui-recommendations-carousel-snapped mt-40 ui-pdp-with--separator-top ui-pdp-with--separator-top--full recos-override__card-vertical\">\n<div class=\"ui-recommendations-carousel-snapped__header\">\n<div class=\"ui-recommendations-carousel-snapped__header-titles\">\n<h3 class=\"ui-vpp-striped-specs__header\">Caracter\u00edsticas principales<\/h3>\n<p>&nbsp;<\/p>\n<table class=\"andes-table\">\n<tbody class=\"andes-table__body\">\n<tr class=\"andes-table__row ui-vpp-striped-specs__row\">\n<th class=\"andes-table__header andes-table__header--left ui-vpp-striped-specs__row__column ui-vpp-striped-specs__row__column--id\" scope=\"row\">\n<div class=\"andes-table__header__container\">Marca<\/div>\n<\/th>\n<td id=\":Rabqlpakp7te:\" class=\"andes-table__column andes-table__column--left andes-table__column--vertical-align-center ui-vpp-striped-specs__row__column\"><span id=\":Rabqlpakp7te:-value\" class=\"andes-table__column--value\">Gen\u00e9rica<\/span><\/td>\n<\/tr>\n<tr class=\"andes-table__row ui-vpp-striped-specs__row\">\n<th class=\"andes-table__header andes-table__header--left ui-vpp-striped-specs__row__column ui-vpp-striped-specs__row__column--id\" scope=\"row\">\n<div class=\"andes-table__header__container\">Modelo<\/div>\n<\/th>\n<td id=\":Radqlpakp7te:\" class=\"andes-table__column andes-table__column--left andes-table__column--vertical-align-center ui-vpp-striped-specs__row__column\"><span id=\":Radqlpakp7te:-value\" class=\"andes-table__column--value\">Maquina de boxeo<\/span><\/td>\n<\/tr>\n<\/tbody>\n<\/table>\n<\/div>\n<\/div>\n<\/div>\n<\/section>\n<\/div>\n<\/div>\n<\/div>\n","protected":false},"excerpt":{"rendered":"<p>Descripci\u00f3n Transforma tu espacio en un aut\u00e9ntico gimnasio con la M\u00e1quina de Boxeo Musical de Montaje en Pared. Dise\u00f1ada para adultos y ni\u00f1os, esta m\u00e1quina no solo ofrece un entrenamiento f\u00edsico efectivo, sino que tambi\u00e9n incorpora tecnolog\u00eda Bluetooth para que puedas disfrutar de tu m\u00fasica favorita mientras te ejercitas. Fabricada con materiales de alta calidad, [&hellip;]<\/p>\n","protected":false},"featured_media":4528,"comment_status":"open","ping_status":"closed","template":"","meta":{"_acf_changed":false,"_uag_custom_page_level_css":"","_monsterinsights_skip_tracking":false,"_monsterinsights_sitenote_active":false,"_monsterinsights_sitenote_note":"","_monsterinsights_sitenote_category":0,"site-sidebar-layout":"default","site-content-layout":"","ast-site-content-layout":"default","site-content-style":"default","site-sidebar-style":"default","ast-global-header-display":"","ast-banner-title-visibility":"","ast-main-header-display":"","ast-hfb-above-header-display":"","ast-hfb-below-header-display":"","ast-hfb-mobile-header-display":"","site-post-title":"","ast-breadcrumbs-content":"","ast-featured-img":"","footer-sml-layout":"","theme-transparent-header-meta":"default","adv-header-id-meta":"","stick-header-meta":"","header-above-stick-meta":"","header-main-stick-meta":"","header-below-stick-meta":"","astra-migrate-meta-layouts":"set","ast-page-background-enabled":"default","ast-page-background-meta":{"desktop":{"background-color":"","background-image":"","background-repeat":"repeat","background-position":"center center","background-size":"auto","background-attachment":"scroll","background-type":"","background-media":"","overlay-type":"","overlay-color":"","overlay-opacity":"","overlay-gradient":""},"tablet":{"background-color":"","background-image":"","background-repeat":"repeat","background-position":"center center","background-size":"auto","background-attachment":"scroll","background-type":"","background-media":"","overlay-type":"","overlay-color":"","overlay-opacity":"","overlay-gradient":""},"mobile":{"background-color":"","background-image":"","background-repeat":"repeat","background-position":"center center","background-size":"auto","background-attachment":"scroll","background-type":"","background-media":"","overlay-type":"","overlay-color":"","overlay-opacity":"","overlay-gradient":""}},"ast-content-background-meta":{"desktop":{"background-color":"var(--ast-global-color-5)","background-image":"","background-repeat":"repeat","background-position":"center center","background-size":"auto","background-attachment":"scroll","background-type":"","background-media":"","overlay-type":"","overlay-color":"","overlay-opacity":"","overlay-gradient":""},"tablet":{"background-color":"var(--ast-global-color-5)","background-image":"","background-repeat":"repeat","background-position":"center center","background-size":"auto","background-attachment":"scroll","background-type":"","background-media":"","overlay-type":"","overlay-color":"","overlay-opacity":"","overlay-gradient":""},"mobile":{"background-color":"var(--ast-global-color-5)","background-image":"","background-repeat":"repeat","background-position":"center center","background-size":"auto","background-attachment":"scroll","background-type":"","background-media":"","overlay-type":"","overlay-color":"","overlay-opacity":"","overlay-gradient":""}}},"product_brand":[],"product_cat":[141],"product_tag":[],"class_list":{"0":"post-4527","1":"product","2":"type-product","3":"status-publish","4":"has-post-thumbnail","6":"product_cat-destacados_inicio","7":"desktop-align-left","8":"tablet-align-left","9":"mobile-align-left","11":"first","12":"instock","13":"sale","14":"shipping-taxable","15":"purchasable","16":"product-type-simple"},"acf":[],"uagb_featured_image_src":{"full":["https:\/\/i0.wp.com\/oferteya.com\/tienda\/wp-content\/uploads\/2025\/11\/D_NQ_NP_2X_862710-MCO83596779545_042025-F.webp?fit=1200%2C1079&ssl=1",1200,1079,false],"thumbnail":["https:\/\/i0.wp.com\/oferteya.com\/tienda\/wp-content\/uploads\/2025\/11\/D_NQ_NP_2X_862710-MCO83596779545_042025-F.webp?resize=150%2C150&ssl=1",150,150,true],"medium":["https:\/\/i0.wp.com\/oferteya.com\/tienda\/wp-content\/uploads\/2025\/11\/D_NQ_NP_2X_862710-MCO83596779545_042025-F.webp?fit=300%2C270&ssl=1",300,270,true],"medium_large":["https:\/\/i0.wp.com\/oferteya.com\/tienda\/wp-content\/uploads\/2025\/11\/D_NQ_NP_2X_862710-MCO83596779545_042025-F.webp?fit=768%2C691&ssl=1",768,691,true],"large":["https:\/\/i0.wp.com\/oferteya.com\/tienda\/wp-content\/uploads\/2025\/11\/D_NQ_NP_2X_862710-MCO83596779545_042025-F.webp?fit=1024%2C921&ssl=1",1024,921,true],"1536x1536":["https:\/\/i0.wp.com\/oferteya.com\/tienda\/wp-content\/uploads\/2025\/11\/D_NQ_NP_2X_862710-MCO83596779545_042025-F.webp?fit=1200%2C1079&ssl=1",1200,1079,true],"2048x2048":["https:\/\/i0.wp.com\/oferteya.com\/tienda\/wp-content\/uploads\/2025\/11\/D_NQ_NP_2X_862710-MCO83596779545_042025-F.webp?fit=1200%2C1079&ssl=1",1200,1079,true],"woocommerce_thumbnail":["https:\/\/i0.wp.com\/oferteya.com\/tienda\/wp-content\/uploads\/2025\/11\/D_NQ_NP_2X_862710-MCO83596779545_042025-F.webp?resize=300%2C300&ssl=1",300,300,true],"woocommerce_single":["https:\/\/i0.wp.com\/oferteya.com\/tienda\/wp-content\/uploads\/2025\/11\/D_NQ_NP_2X_862710-MCO83596779545_042025-F.webp?fit=600%2C540&ssl=1",600,540,true],"woocommerce_gallery_thumbnail":["https:\/\/i0.wp.com\/oferteya.com\/tienda\/wp-content\/uploads\/2025\/11\/D_NQ_NP_2X_862710-MCO83596779545_042025-F.webp?resize=100%2C100&ssl=1",100,100,true],"dgwt-wcas-product-suggestion":["https:\/\/i0.wp.com\/oferteya.com\/tienda\/wp-content\/uploads\/2025\/11\/D_NQ_NP_2X_862710-MCO83596779545_042025-F.webp?fit=64%2C58&ssl=1",64,58,true]},"uagb_author_info":{"display_name":"Fernando Rueda Avila","author_link":"https:\/\/oferteya.com\/tienda\/author\/"},"uagb_comment_info":0,"uagb_excerpt":"Descripci\u00f3n Transforma tu espacio en un aut\u00e9ntico gimnasio con la M\u00e1quina de Boxeo Musical de Montaje en Pared. Dise\u00f1ada para adultos y ni\u00f1os, esta m\u00e1quina no solo ofrece un entrenamiento f\u00edsico efectivo, sino que tambi\u00e9n incorpora tecnolog\u00eda Bluetooth para que puedas disfrutar de tu m\u00fasica favorita mientras te ejercitas. Fabricada con materiales de alta calidad,&hellip;","jetpack-related-posts":[],"jetpack_sharing_enabled":true,"_links":{"self":[{"href":"https:\/\/oferteya.com\/tienda\/wp-json\/wp\/v2\/product\/4527","targetHints":{"allow":["GET"]}}],"collection":[{"href":"https:\/\/oferteya.com\/tienda\/wp-json\/wp\/v2\/product"}],"about":[{"href":"https:\/\/oferteya.com\/tienda\/wp-json\/wp\/v2\/types\/product"}],"replies":[{"embeddable":true,"href":"https:\/\/oferteya.com\/tienda\/wp-json\/wp\/v2\/comments?post=4527"}],"wp:featuredmedia":[{"embeddable":true,"href":"https:\/\/oferteya.com\/tienda\/wp-json\/wp\/v2\/media\/4528"}],"wp:attachment":[{"href":"https:\/\/oferteya.com\/tienda\/wp-json\/wp\/v2\/media?parent=4527"}],"wp:term":[{"taxonomy":"product_brand","embeddable":true,"href":"https:\/\/oferteya.com\/tienda\/wp-json\/wp\/v2\/product_brand?post=4527"},{"taxonomy":"product_cat","embeddable":true,"href":"https:\/\/oferteya.com\/tienda\/wp-json\/wp\/v2\/product_cat?post=4527"},{"taxonomy":"product_tag","embeddable":true,"href":"https:\/\/oferteya.com\/tienda\/wp-json\/wp\/v2\/product_tag?post=4527"}],"curies":[{"name":"wp","href":"https:\/\/api.w.org\/{rel}","templated":true}]}}