{"id":3738,"date":"2023-08-13T17:45:22","date_gmt":"2023-08-13T22:45:22","guid":{"rendered":"https:\/\/oferteya.com\/tienda\/?post_type=product&#038;p=3738"},"modified":"2025-11-22T08:51:54","modified_gmt":"2025-11-22T13:51:54","slug":"asistente-virtual-amazon-echo-show-8-pantalla-integrada-con-alexa-arenizca-negro","status":"publish","type":"product","link":"https:\/\/oferteya.com\/tienda\/producto\/asistente-virtual-amazon-echo-show-8-pantalla-integrada-con-alexa-arenizca-negro\/","title":{"rendered":"Amazon Echo Show 8 3ra Generaci\u00f3n Asistente Virtual Alexa Color Negro"},"content":{"rendered":"<h2 class=\"ui-pdp-description__title\">Descripci\u00f3n<\/h2>\n<p class=\"ui-pdp-description__content\">S\u00famate al mundo de la inteligencia artificial con el Amazon Echo Show 8 2nd Gen que ofrece soluciones para automatizar algunas tareas en tu hogar.<\/p>\n<p>Alexa te acompa\u00f1a<br \/>\nLa ventaja de este asistente virtual es que tiene mejor integraci\u00f3n con todos los servicios y dispositivos de Amazon. \u00bfNecesitas ayuda con tus tareas diarias? Alexa organizar\u00e1 tu rutina, te brindar\u00e1 noticias, comprobar\u00e1 el estado del clima y mucho m\u00e1s.<\/p>\n<p>Control inteligente de tu hogar<br \/>\nPrender y apagar luces, abrir puertas, controlar la calefacci\u00f3n o encender la TV, son algunas de las tantas tareas que podr\u00e1s automatizar con este \u00fanico producto. Solo deber\u00e1s conectar el altavoz a cualquier dispositivo compatible para disfrutar de una nueva forma de interactuar con los espacios.<\/p>\n<p>Sistema de audio multi-room<br \/>\nEste novedoso sistema permite compartir m\u00fasica o realizar anuncios en distintas habitaciones y en el mismo momento. Tan solo requiere que conectes los dispositivos smart compatibles entre s\u00ed.<\/p>\n<h2 class=\"ui-pdp-description__title\">Caracter\u00edsticas Principales<\/h2>\n<p><img data-recalc-dims=\"1\" decoding=\"async\" class=\"\" src=\"https:\/\/i0.wp.com\/oferteya.com\/intranet\/imagenes\/iconos\/bluetooth.png?ssl=1\" \/> Bluetooth. <img data-recalc-dims=\"1\" decoding=\"async\" class=\"\" src=\"https:\/\/i0.wp.com\/oferteya.com\/intranet\/imagenes\/iconos\/inalambrico.png?ssl=1\" \/> WiFi.<br \/>\n<img data-recalc-dims=\"1\" decoding=\"async\" class=\"\" src=\"https:\/\/i0.wp.com\/oferteya.com\/intranet\/imagenes\/iconos\/tamano_pantalla_H.png?ssl=1\" \/> Pantalla 8&#8243; <img data-recalc-dims=\"1\" decoding=\"async\" class=\"\" src=\"https:\/\/i0.wp.com\/oferteya.com\/intranet\/imagenes\/iconos\/pantalla_tactil.png?ssl=1\" \/> Pantalla T\u00e1ctil.<br \/>\n<img data-recalc-dims=\"1\" decoding=\"async\" class=\"\" src=\"https:\/\/i0.wp.com\/oferteya.com\/intranet\/imagenes\/iconos\/tipo_de_parlante.png?ssl=1\" \/> 30w, Audio Multi-room.<br \/>\n<img data-recalc-dims=\"1\" decoding=\"async\" class=\"\" src=\"https:\/\/i0.wp.com\/oferteya.com\/intranet\/imagenes\/iconos\/comando_voz.png?ssl=1\" \/> Asistente Virtual Alexa.<br \/>\n<img data-recalc-dims=\"1\" decoding=\"async\" class=\"\" src=\"https:\/\/i0.wp.com\/oferteya.com\/intranet\/imagenes\/iconos\/color.png?ssl=1\" \/> Negro..<br \/>\n<img class=\"\" \/><\/p>\n<h2 class=\"ui-pdp-description__title\">Generalidades<\/h2>\n<table>\n<tbody>\n<tr class=\"\">\n<th>Marca<\/th>\n<td>Amazon<\/td>\n<\/tr>\n<tr class=\"\">\n<th class=\"\">Modelo<\/th>\n<td class=\"\">Echo Show 8 2nd Gen (Tercera Generaci\u00f3n)<\/td>\n<\/tr>\n<tr class=\"\">\n<th class=\"\">C\u00e1mara<\/th>\n<td class=\"\">Si<\/td>\n<\/tr>\n<tr class=\"\">\n<th class=\"\">Display digital<\/th>\n<td class=\"\">Si<\/td>\n<\/tr>\n<tr class=\"\">\n<th class=\"\">Tipos de alimentaci\u00f3n<\/th>\n<td class=\"\">Corriente el\u00e9ctrica 110V\/240V<\/td>\n<\/tr>\n<\/tbody>\n<\/table>\n<h2 class=\"ui-pdp-description__title\">Otros Datos<\/h2>\n<ul>\n<li>Funciones: Reproducci\u00f3n de m\u00fasica, Control por voz, Control de dispositivos del hogar, Llamadas, Videollamada, Reproducci\u00f3n de videos, Portarretrato digital, Desactivar micr\u00f3fono, Desactivar c\u00e1mara<\/li>\n<li>Est\u00e1ndares inal\u00e1mbricos: IEEE 802.11a\/b\/g\/n\/ac<\/li>\n<\/ul>\n<ul>\n<li>Sonido\n<ul>\n<li>Potencia: 30 W<\/li>\n<li>Radiofrecuencia: Dual band<\/li>\n<li>Con sistema de audio multi-room: S\u00ed<\/li>\n<\/ul>\n<\/li>\n<li>Peso y dimensiones\n<ul>\n<li>Profundidad: 99.1 mm<\/li>\n<li>Altura: 135.9 mm<\/li>\n<li>Ancho: 200.4 mm<\/li>\n<li>Peso: 1037 g<\/li>\n<\/ul>\n<\/li>\n<\/ul>\n<p>&nbsp;<\/p>\n<p>&nbsp;<\/p>\n","protected":false},"excerpt":{"rendered":"<p><img decoding=\"async\" class=\"\" src=\"https:\/\/oferteya.com\/intranet\/imagenes\/iconos\/bluetooth.png\" \/> Si. <img decoding=\"async\" class=\"\" src=\"https:\/\/oferteya.com\/intranet\/imagenes\/iconos\/inalambrico.png\" \/> Si.<br \/>\n<img decoding=\"async\" class=\"\" src=\"https:\/\/oferteya.com\/intranet\/imagenes\/iconos\/tamano_pantalla_H.png\" \/> 8&#8243;. <img decoding=\"async\" class=\"\" src=\"https:\/\/oferteya.com\/intranet\/imagenes\/iconos\/pantalla_tactil.png\" \/> T\u00e1ctil.<br \/>\n<img decoding=\"async\" class=\"\" src=\"https:\/\/oferteya.com\/intranet\/imagenes\/iconos\/tipo_de_parlante.png\" \/> 30w, Multi-room.<br \/>\n<img decoding=\"async\" class=\"\" src=\"https:\/\/oferteya.com\/intranet\/imagenes\/iconos\/comando_voz.png\" \/> Alexa.<br \/>\n<img decoding=\"async\" class=\"\" src=\"https:\/\/oferteya.com\/intranet\/imagenes\/iconos\/color.png\" \/> Negro.<br \/>\n<img class=\"\" \/><\/p>\n","protected":false},"featured_media":4417,"comment_status":"open","ping_status":"closed","template":"","meta":{"_acf_changed":false,"_uag_custom_page_level_css":"","_monsterinsights_skip_tracking":false,"_monsterinsights_sitenote_active":false,"_monsterinsights_sitenote_note":"","_monsterinsights_sitenote_category":0,"site-sidebar-layout":"default","site-content-layout":"default","ast-site-content-layout":"default","site-content-style":"default","site-sidebar-style":"default","ast-global-header-display":"","ast-banner-title-visibility":"","ast-main-header-display":"","ast-hfb-above-header-display":"","ast-hfb-below-header-display":"","ast-hfb-mobile-header-display":"","site-post-title":"","ast-breadcrumbs-content":"","ast-featured-img":"","footer-sml-layout":"","theme-transparent-header-meta":"default","adv-header-id-meta":"","stick-header-meta":"","header-above-stick-meta":"","header-main-stick-meta":"","header-below-stick-meta":"","astra-migrate-meta-layouts":"set","ast-page-background-enabled":"default","ast-page-background-meta":{"desktop":{"background-color":"","background-image":"","background-repeat":"repeat","background-position":"center center","background-size":"auto","background-attachment":"scroll","background-type":"","background-media":"","overlay-type":"","overlay-color":"","overlay-opacity":"","overlay-gradient":""},"tablet":{"background-color":"","background-image":"","background-repeat":"repeat","background-position":"center center","background-size":"auto","background-attachment":"scroll","background-type":"","background-media":"","overlay-type":"","overlay-color":"","overlay-opacity":"","overlay-gradient":""},"mobile":{"background-color":"","background-image":"","background-repeat":"repeat","background-position":"center center","background-size":"auto","background-attachment":"scroll","background-type":"","background-media":"","overlay-type":"","overlay-color":"","overlay-opacity":"","overlay-gradient":""}},"ast-content-background-meta":{"desktop":{"background-color":"var(--ast-global-color-5)","background-image":"","background-repeat":"repeat","background-position":"center center","background-size":"auto","background-attachment":"scroll","background-type":"","background-media":"","overlay-type":"","overlay-color":"","overlay-opacity":"","overlay-gradient":""},"tablet":{"background-color":"var(--ast-global-color-5)","background-image":"","background-repeat":"repeat","background-position":"center center","background-size":"auto","background-attachment":"scroll","background-type":"","background-media":"","overlay-type":"","overlay-color":"","overlay-opacity":"","overlay-gradient":""},"mobile":{"background-color":"var(--ast-global-color-5)","background-image":"","background-repeat":"repeat","background-position":"center center","background-size":"auto","background-attachment":"scroll","background-type":"","background-media":"","overlay-type":"","overlay-color":"","overlay-opacity":"","overlay-gradient":""}}},"product_brand":[],"product_cat":[37,60,142],"product_tag":[93,86,92,172,173,174],"class_list":{"0":"post-3738","1":"product","2":"type-product","3":"status-publish","4":"has-post-thumbnail","6":"product_cat-amazon","7":"product_cat-asistentes-virtuales","8":"product_cat-catalogo","9":"product_tag-alexa","10":"product_tag-amazon","11":"product_tag-asistente-virtual","12":"product_tag-asistente-virtual-amazon-echo-show-8-pantalla-integrada-con-alexa-arenizca-sandstone","13":"product_tag-echo-show","14":"product_tag-echo-show-8","15":"desktop-align-left","16":"tablet-align-left","17":"mobile-align-left","19":"first","20":"instock","21":"sale","22":"shipping-taxable","23":"purchasable","24":"product-type-simple"},"acf":[],"uagb_featured_image_src":{"full":["https:\/\/i0.wp.com\/oferteya.com\/tienda\/wp-content\/uploads\/2023\/08\/amazon-.webp?fit=1200%2C907&ssl=1",1200,907,false],"thumbnail":["https:\/\/i0.wp.com\/oferteya.com\/tienda\/wp-content\/uploads\/2023\/08\/amazon-.webp?resize=150%2C150&ssl=1",150,150,true],"medium":["https:\/\/i0.wp.com\/oferteya.com\/tienda\/wp-content\/uploads\/2023\/08\/amazon-.webp?fit=300%2C227&ssl=1",300,227,true],"medium_large":["https:\/\/i0.wp.com\/oferteya.com\/tienda\/wp-content\/uploads\/2023\/08\/amazon-.webp?fit=768%2C580&ssl=1",768,580,true],"large":["https:\/\/i0.wp.com\/oferteya.com\/tienda\/wp-content\/uploads\/2023\/08\/amazon-.webp?fit=1024%2C774&ssl=1",1024,774,true],"1536x1536":["https:\/\/i0.wp.com\/oferteya.com\/tienda\/wp-content\/uploads\/2023\/08\/amazon-.webp?fit=1200%2C907&ssl=1",1200,907,true],"2048x2048":["https:\/\/i0.wp.com\/oferteya.com\/tienda\/wp-content\/uploads\/2023\/08\/amazon-.webp?fit=1200%2C907&ssl=1",1200,907,true],"woocommerce_thumbnail":["https:\/\/i0.wp.com\/oferteya.com\/tienda\/wp-content\/uploads\/2023\/08\/amazon-.webp?resize=300%2C300&ssl=1",300,300,true],"woocommerce_single":["https:\/\/i0.wp.com\/oferteya.com\/tienda\/wp-content\/uploads\/2023\/08\/amazon-.webp?fit=600%2C454&ssl=1",600,454,true],"woocommerce_gallery_thumbnail":["https:\/\/i0.wp.com\/oferteya.com\/tienda\/wp-content\/uploads\/2023\/08\/amazon-.webp?resize=100%2C100&ssl=1",100,100,true],"dgwt-wcas-product-suggestion":["https:\/\/i0.wp.com\/oferteya.com\/tienda\/wp-content\/uploads\/2023\/08\/amazon-.webp?fit=64%2C48&ssl=1",64,48,true]},"uagb_author_info":{"display_name":"soporteoferteya","author_link":"https:\/\/oferteya.com\/tienda\/author\/"},"uagb_comment_info":0,"uagb_excerpt":"Si. Si. 8\". T\u00e1ctil. 30w, Multi-room. Alexa. Negro.","jetpack-related-posts":[],"jetpack_sharing_enabled":true,"_links":{"self":[{"href":"https:\/\/oferteya.com\/tienda\/wp-json\/wp\/v2\/product\/3738","targetHints":{"allow":["GET"]}}],"collection":[{"href":"https:\/\/oferteya.com\/tienda\/wp-json\/wp\/v2\/product"}],"about":[{"href":"https:\/\/oferteya.com\/tienda\/wp-json\/wp\/v2\/types\/product"}],"replies":[{"embeddable":true,"href":"https:\/\/oferteya.com\/tienda\/wp-json\/wp\/v2\/comments?post=3738"}],"wp:featuredmedia":[{"embeddable":true,"href":"https:\/\/oferteya.com\/tienda\/wp-json\/wp\/v2\/media\/4417"}],"wp:attachment":[{"href":"https:\/\/oferteya.com\/tienda\/wp-json\/wp\/v2\/media?parent=3738"}],"wp:term":[{"taxonomy":"product_brand","embeddable":true,"href":"https:\/\/oferteya.com\/tienda\/wp-json\/wp\/v2\/product_brand?post=3738"},{"taxonomy":"product_cat","embeddable":true,"href":"https:\/\/oferteya.com\/tienda\/wp-json\/wp\/v2\/product_cat?post=3738"},{"taxonomy":"product_tag","embeddable":true,"href":"https:\/\/oferteya.com\/tienda\/wp-json\/wp\/v2\/product_tag?post=3738"}],"curies":[{"name":"wp","href":"https:\/\/api.w.org\/{rel}","templated":true}]}}