{"id":2879,"date":"2023-05-04T12:51:53","date_gmt":"2023-05-04T17:51:53","guid":{"rendered":"https:\/\/oferteya.com\/tienda\/?post_type=product&#038;p=2879"},"modified":"2025-11-18T14:39:59","modified_gmt":"2025-11-18T19:39:59","slug":"amazon-estuche-para-tablet-fire-hd-8-plus-2020-con-soporte","status":"publish","type":"product","link":"https:\/\/oferteya.com\/tienda\/producto\/amazon-estuche-para-tablet-fire-hd-8-plus-2020-con-soporte\/","title":{"rendered":"Estuche para Tableta Amazon Fire Hd 8 Plus 2020 Con Soporte"},"content":{"rendered":"<h2 class=\"ui-pdp-description__title\">Descripci\u00f3n<\/h2>\n<p class=\"ui-pdp-description__content\">Funda para tablet Kindle Fire HD 8 2020 de 10\u00aa generaci\u00f3n y Fire HD 8 Plus 2020 [apta para ni\u00f1os] funda de armadura antideslizante a prueba de golpes con soporte.<\/p>\n<p>Sobre este art\u00edculo<br \/>\nCarcasa exterior de policarbonato resistente (con soporte integrado) + funda interior de goma suave = protecci\u00f3n completa<br \/>\nConstruido con material exterior de goma s\u00f3lida, ajuste c\u00f3modo, h\u00edbrido a prueba de golpes y resistencia al impacto<br \/>\nF\u00e1cil de organizar para el soporte, dos \u00e1ngulos de visi\u00f3n para adaptarse mejor a tus necesidades<br \/>\nMuy resistente y f\u00e1cil de llevar. Ideal para el lugar de trabajo, la escuela y el hogar y para ni\u00f1os absolutamente amigable<br \/>\nLos dos lados del producto est\u00e1n dise\u00f1ados con panal antideslizante para aumentar la fricci\u00f3n y evitar que se caiga<\/p>\n","protected":false},"excerpt":{"rendered":"<p><img decoding=\"async\" class=\"\" src=\"https:\/\/oferteya.com\/intranet\/imagenes\/iconos\/tamano_pantalla_H.png\" \/> 8pul.<br \/>\n<img decoding=\"async\" class=\"\" src=\"https:\/\/oferteya.com\/intranet\/imagenes\/iconos\/si.png\" \/> Con soporte.<br \/>\n<img decoding=\"async\" class=\"\" src=\"https:\/\/oferteya.com\/intranet\/imagenes\/iconos\/color.png\" \/> Negro.<br \/>\n<img class=\"\" \/><\/p>\n","protected":false},"featured_media":3805,"comment_status":"open","ping_status":"closed","template":"","meta":{"_acf_changed":false,"_uag_custom_page_level_css":"","_monsterinsights_skip_tracking":false,"_monsterinsights_sitenote_active":false,"_monsterinsights_sitenote_note":"","_monsterinsights_sitenote_category":0,"site-sidebar-layout":"default","site-content-layout":"default","ast-site-content-layout":"default","site-content-style":"default","site-sidebar-style":"default","ast-global-header-display":"","ast-banner-title-visibility":"","ast-main-header-display":"","ast-hfb-above-header-display":"","ast-hfb-below-header-display":"","ast-hfb-mobile-header-display":"","site-post-title":"","ast-breadcrumbs-content":"","ast-featured-img":"","footer-sml-layout":"","theme-transparent-header-meta":"default","adv-header-id-meta":"","stick-header-meta":"","header-above-stick-meta":"","header-main-stick-meta":"","header-below-stick-meta":"","astra-migrate-meta-layouts":"set","ast-page-background-enabled":"default","ast-page-background-meta":{"desktop":{"background-color":"","background-image":"","background-repeat":"repeat","background-position":"center center","background-size":"auto","background-attachment":"scroll","background-type":"","background-media":"","overlay-type":"","overlay-color":"","overlay-opacity":"","overlay-gradient":""},"tablet":{"background-color":"","background-image":"","background-repeat":"repeat","background-position":"center center","background-size":"auto","background-attachment":"scroll","background-type":"","background-media":"","overlay-type":"","overlay-color":"","overlay-opacity":"","overlay-gradient":""},"mobile":{"background-color":"","background-image":"","background-repeat":"repeat","background-position":"center center","background-size":"auto","background-attachment":"scroll","background-type":"","background-media":"","overlay-type":"","overlay-color":"","overlay-opacity":"","overlay-gradient":""}},"ast-content-background-meta":{"desktop":{"background-color":"var(--ast-global-color-5)","background-image":"","background-repeat":"repeat","background-position":"center center","background-size":"auto","background-attachment":"scroll","background-type":"","background-media":"","overlay-type":"","overlay-color":"","overlay-opacity":"","overlay-gradient":""},"tablet":{"background-color":"var(--ast-global-color-5)","background-image":"","background-repeat":"repeat","background-position":"center center","background-size":"auto","background-attachment":"scroll","background-type":"","background-media":"","overlay-type":"","overlay-color":"","overlay-opacity":"","overlay-gradient":""},"mobile":{"background-color":"var(--ast-global-color-5)","background-image":"","background-repeat":"repeat","background-position":"center center","background-size":"auto","background-attachment":"scroll","background-type":"","background-media":"","overlay-type":"","overlay-color":"","overlay-opacity":"","overlay-gradient":""}}},"product_brand":[],"product_cat":[37,142,141,44],"product_tag":[86,255,254,189,228,149,80,193],"class_list":{"0":"post-2879","1":"product","2":"type-product","3":"status-publish","4":"has-post-thumbnail","6":"product_cat-amazon","7":"product_cat-catalogo","8":"product_cat-destacados_inicio","9":"product_cat-tablets","10":"product_tag-amazon","11":"product_tag-estruche","12":"product_tag-estuche-para-tableta-amazon-fire-hd-8","13":"product_tag-fire-8","14":"product_tag-oferteya-com","15":"product_tag-tablet","16":"product_tag-tableta","17":"product_tag-tecnologia","18":"desktop-align-left","19":"tablet-align-left","20":"mobile-align-left","22":"first","23":"instock","24":"shipping-taxable","25":"purchasable","26":"product-type-simple"},"acf":[],"uagb_featured_image_src":{"full":["https:\/\/i0.wp.com\/oferteya.com\/tienda\/wp-content\/uploads\/2023\/05\/Estuche-Tableta-Amazon-Fire-Hd-8-Plus-2020-Con-Soporte-1.jpg?fit=600%2C500&ssl=1?v=1762830781",600,500,false],"thumbnail":["https:\/\/i0.wp.com\/oferteya.com\/tienda\/wp-content\/uploads\/2023\/05\/Estuche-Tableta-Amazon-Fire-Hd-8-Plus-2020-Con-Soporte-1.jpg?resize=150%2C150&ssl=1?v=1762830781",150,150,true],"medium":["https:\/\/i0.wp.com\/oferteya.com\/tienda\/wp-content\/uploads\/2023\/05\/Estuche-Tableta-Amazon-Fire-Hd-8-Plus-2020-Con-Soporte-1.jpg?fit=300%2C250&ssl=1?v=1762830781",300,250,true],"medium_large":["https:\/\/i0.wp.com\/oferteya.com\/tienda\/wp-content\/uploads\/2023\/05\/Estuche-Tableta-Amazon-Fire-Hd-8-Plus-2020-Con-Soporte-1.jpg?fit=600%2C500&ssl=1?v=1762830781",600,500,true],"large":["https:\/\/i0.wp.com\/oferteya.com\/tienda\/wp-content\/uploads\/2023\/05\/Estuche-Tableta-Amazon-Fire-Hd-8-Plus-2020-Con-Soporte-1.jpg?fit=600%2C500&ssl=1?v=1762830781",600,500,true],"1536x1536":["https:\/\/i0.wp.com\/oferteya.com\/tienda\/wp-content\/uploads\/2023\/05\/Estuche-Tableta-Amazon-Fire-Hd-8-Plus-2020-Con-Soporte-1.jpg?fit=600%2C500&ssl=1?v=1762830781",600,500,true],"2048x2048":["https:\/\/i0.wp.com\/oferteya.com\/tienda\/wp-content\/uploads\/2023\/05\/Estuche-Tableta-Amazon-Fire-Hd-8-Plus-2020-Con-Soporte-1.jpg?fit=600%2C500&ssl=1?v=1762830781",600,500,true],"woocommerce_thumbnail":["https:\/\/i0.wp.com\/oferteya.com\/tienda\/wp-content\/uploads\/2023\/05\/Estuche-Tableta-Amazon-Fire-Hd-8-Plus-2020-Con-Soporte-1.jpg?resize=300%2C300&ssl=1?v=1762830781",300,300,true],"woocommerce_single":["https:\/\/i0.wp.com\/oferteya.com\/tienda\/wp-content\/uploads\/2023\/05\/Estuche-Tableta-Amazon-Fire-Hd-8-Plus-2020-Con-Soporte-1.jpg?fit=600%2C500&ssl=1?v=1762830781",600,500,true],"woocommerce_gallery_thumbnail":["https:\/\/i0.wp.com\/oferteya.com\/tienda\/wp-content\/uploads\/2023\/05\/Estuche-Tableta-Amazon-Fire-Hd-8-Plus-2020-Con-Soporte-1.jpg?resize=100%2C100&ssl=1?v=1762830781",100,100,true],"dgwt-wcas-product-suggestion":["https:\/\/i0.wp.com\/oferteya.com\/tienda\/wp-content\/uploads\/2023\/05\/Estuche-Tableta-Amazon-Fire-Hd-8-Plus-2020-Con-Soporte-1.jpg?fit=64%2C53&ssl=1?v=1762830781",64,53,true]},"uagb_author_info":{"display_name":"Fernando Rueda Avila","author_link":"https:\/\/oferteya.com\/tienda\/author\/"},"uagb_comment_info":0,"uagb_excerpt":"8pul. Con soporte. Negro.","jetpack-related-posts":[],"jetpack_sharing_enabled":true,"_links":{"self":[{"href":"https:\/\/oferteya.com\/tienda\/wp-json\/wp\/v2\/product\/2879","targetHints":{"allow":["GET"]}}],"collection":[{"href":"https:\/\/oferteya.com\/tienda\/wp-json\/wp\/v2\/product"}],"about":[{"href":"https:\/\/oferteya.com\/tienda\/wp-json\/wp\/v2\/types\/product"}],"replies":[{"embeddable":true,"href":"https:\/\/oferteya.com\/tienda\/wp-json\/wp\/v2\/comments?post=2879"}],"wp:featuredmedia":[{"embeddable":true,"href":"https:\/\/oferteya.com\/tienda\/wp-json\/wp\/v2\/media\/3805"}],"wp:attachment":[{"href":"https:\/\/oferteya.com\/tienda\/wp-json\/wp\/v2\/media?parent=2879"}],"wp:term":[{"taxonomy":"product_brand","embeddable":true,"href":"https:\/\/oferteya.com\/tienda\/wp-json\/wp\/v2\/product_brand?post=2879"},{"taxonomy":"product_cat","embeddable":true,"href":"https:\/\/oferteya.com\/tienda\/wp-json\/wp\/v2\/product_cat?post=2879"},{"taxonomy":"product_tag","embeddable":true,"href":"https:\/\/oferteya.com\/tienda\/wp-json\/wp\/v2\/product_tag?post=2879"}],"curies":[{"name":"wp","href":"https:\/\/api.w.org\/{rel}","templated":true}]}}