{"id":2670,"date":"2022-12-30T18:11:54","date_gmt":"2022-12-30T23:11:54","guid":{"rendered":"https:\/\/www.oferteya.com\/tienda\/?post_type=product&#038;p=2670"},"modified":"2025-11-14T10:18:21","modified_gmt":"2025-11-14T15:18:21","slug":"amazon-echo-dot-5th-gen-asistente-virtua-alexa","status":"publish","type":"product","link":"https:\/\/oferteya.com\/tienda\/producto\/amazon-echo-dot-5th-gen-asistente-virtua-alexa\/","title":{"rendered":"Asistente Virtual Amazon Echo Dot 5gen Alexa Azul (Deep Sea Blue)"},"content":{"rendered":"<h2 class=\"ui-pdp-description__title\">Descripci\u00f3n<\/h2>\n<p class=\"ui-pdp-description__content\">S\u00famate al mundo de la inteligencia artificial con el Amazon Echo Dot 5th Gen que ofrece soluciones para automatizar algunas tareas en tu hogar.<\/p>\n<p>Alexa te acompa\u00f1a<br \/>\nLa ventaja de este asistente virtual es que tiene mejor integraci\u00f3n con todos los servicios y dispositivos de Amazon. \u00bfNecesitas ayuda con tus tareas diarias? Alexa organizar\u00e1 tu rutina, te brindar\u00e1 noticias, comprobar\u00e1 el estado del clima y mucho m\u00e1s.<\/p>\n<p>Control inteligente de tu hogar<br \/>\nPrender y apagar luces, abrir puertas, controlar la calefacci\u00f3n o encender la TV, son algunas de las tantas tareas que podr\u00e1s automatizar con este \u00fanico producto. Solo deber\u00e1s conectar el altavoz a cualquier dispositivo compatible para disfrutar de una nueva forma de interactuar con los espacios.<\/p>\n<p>Sistema de audio multi-room<br \/>\nEste novedoso sistema permite compartir m\u00fasica o realizar anuncios en distintas habitaciones y en el mismo momento. Tan solo requiere que conectes los dispositivos smart compatibles entre s\u00ed.<\/p>\n","protected":false},"excerpt":{"rendered":"<p><img decoding=\"async\" class=\"\" src=\"https:\/\/oferteya.com\/intranet\/imagenes\/iconos\/bluetooth.png\" \/> Si.<img decoding=\"async\" class=\"\" src=\"https:\/\/oferteya.com\/intranet\/imagenes\/iconos\/inalambrico.png\" \/> Si.<br \/>\n<img decoding=\"async\" class=\"\" src=\"https:\/\/oferteya.com\/intranet\/imagenes\/iconos\/tipo_de_parlante.png\" \/> Multi-room.<br \/>\n<img decoding=\"async\" class=\"\" src=\"https:\/\/oferteya.com\/intranet\/imagenes\/iconos\/comando_voz.png\" \/> Alexa.<br \/>\n<img decoding=\"async\" class=\"\" src=\"https:\/\/oferteya.com\/intranet\/imagenes\/iconos\/color.png\" \/> Azul.<\/p>\n","protected":false},"featured_media":3771,"comment_status":"open","ping_status":"closed","template":"","meta":{"_acf_changed":false,"_uag_custom_page_level_css":"","_monsterinsights_skip_tracking":false,"_monsterinsights_sitenote_active":false,"_monsterinsights_sitenote_note":"","_monsterinsights_sitenote_category":0,"site-sidebar-layout":"default","site-content-layout":"default","ast-site-content-layout":"default","site-content-style":"default","site-sidebar-style":"default","ast-global-header-display":"","ast-banner-title-visibility":"","ast-main-header-display":"","ast-hfb-above-header-display":"","ast-hfb-below-header-display":"","ast-hfb-mobile-header-display":"","site-post-title":"","ast-breadcrumbs-content":"","ast-featured-img":"","footer-sml-layout":"","theme-transparent-header-meta":"default","adv-header-id-meta":"","stick-header-meta":"","header-above-stick-meta":"","header-main-stick-meta":"","header-below-stick-meta":"","astra-migrate-meta-layouts":"set","ast-page-background-enabled":"default","ast-page-background-meta":{"desktop":{"background-color":"","background-image":"","background-repeat":"repeat","background-position":"center center","background-size":"auto","background-attachment":"scroll","background-type":"","background-media":"","overlay-type":"","overlay-color":"","overlay-opacity":"","overlay-gradient":""},"tablet":{"background-color":"","background-image":"","background-repeat":"repeat","background-position":"center center","background-size":"auto","background-attachment":"scroll","background-type":"","background-media":"","overlay-type":"","overlay-color":"","overlay-opacity":"","overlay-gradient":""},"mobile":{"background-color":"","background-image":"","background-repeat":"repeat","background-position":"center center","background-size":"auto","background-attachment":"scroll","background-type":"","background-media":"","overlay-type":"","overlay-color":"","overlay-opacity":"","overlay-gradient":""}},"ast-content-background-meta":{"desktop":{"background-color":"var(--ast-global-color-5)","background-image":"","background-repeat":"repeat","background-position":"center center","background-size":"auto","background-attachment":"scroll","background-type":"","background-media":"","overlay-type":"","overlay-color":"","overlay-opacity":"","overlay-gradient":""},"tablet":{"background-color":"var(--ast-global-color-5)","background-image":"","background-repeat":"repeat","background-position":"center center","background-size":"auto","background-attachment":"scroll","background-type":"","background-media":"","overlay-type":"","overlay-color":"","overlay-opacity":"","overlay-gradient":""},"mobile":{"background-color":"var(--ast-global-color-5)","background-image":"","background-repeat":"repeat","background-position":"center center","background-size":"auto","background-attachment":"scroll","background-type":"","background-media":"","overlay-type":"","overlay-color":"","overlay-opacity":"","overlay-gradient":""}}},"product_brand":[],"product_cat":[37,60,142,141],"product_tag":[93,287,92,202,228,193],"class_list":{"0":"post-2670","1":"product","2":"type-product","3":"status-publish","4":"has-post-thumbnail","6":"product_cat-amazon","7":"product_cat-asistentes-virtuales","8":"product_cat-catalogo","9":"product_cat-destacados_inicio","10":"product_tag-alexa","11":"product_tag-asistente-amazon-echo-dot-5th-gen-asistente-virtual-alexa","12":"product_tag-asistente-virtual","13":"product_tag-echo-dot","14":"product_tag-oferteya-com","15":"product_tag-tecnologia","16":"desktop-align-left","17":"tablet-align-left","18":"mobile-align-left","20":"first","21":"instock","22":"shipping-taxable","23":"purchasable","24":"product-type-simple"},"acf":[],"uagb_featured_image_src":{"full":["https:\/\/i0.wp.com\/oferteya.com\/tienda\/wp-content\/uploads\/2022\/12\/Asistente-Virtual-Amazon-Echo-Dot-5gen-con-Alexa-Azul-Oscuro-1-1.jpg?fit=600%2C500&ssl=1?v=1762830782",600,500,false],"thumbnail":["https:\/\/i0.wp.com\/oferteya.com\/tienda\/wp-content\/uploads\/2022\/12\/Asistente-Virtual-Amazon-Echo-Dot-5gen-con-Alexa-Azul-Oscuro-1-1.jpg?resize=150%2C150&ssl=1?v=1762830782",150,150,true],"medium":["https:\/\/i0.wp.com\/oferteya.com\/tienda\/wp-content\/uploads\/2022\/12\/Asistente-Virtual-Amazon-Echo-Dot-5gen-con-Alexa-Azul-Oscuro-1-1.jpg?fit=300%2C250&ssl=1?v=1762830782",300,250,true],"medium_large":["https:\/\/i0.wp.com\/oferteya.com\/tienda\/wp-content\/uploads\/2022\/12\/Asistente-Virtual-Amazon-Echo-Dot-5gen-con-Alexa-Azul-Oscuro-1-1.jpg?fit=600%2C500&ssl=1?v=1762830782",600,500,true],"large":["https:\/\/i0.wp.com\/oferteya.com\/tienda\/wp-content\/uploads\/2022\/12\/Asistente-Virtual-Amazon-Echo-Dot-5gen-con-Alexa-Azul-Oscuro-1-1.jpg?fit=600%2C500&ssl=1?v=1762830782",600,500,true],"1536x1536":["https:\/\/i0.wp.com\/oferteya.com\/tienda\/wp-content\/uploads\/2022\/12\/Asistente-Virtual-Amazon-Echo-Dot-5gen-con-Alexa-Azul-Oscuro-1-1.jpg?fit=600%2C500&ssl=1?v=1762830782",600,500,true],"2048x2048":["https:\/\/i0.wp.com\/oferteya.com\/tienda\/wp-content\/uploads\/2022\/12\/Asistente-Virtual-Amazon-Echo-Dot-5gen-con-Alexa-Azul-Oscuro-1-1.jpg?fit=600%2C500&ssl=1?v=1762830782",600,500,true],"woocommerce_thumbnail":["https:\/\/i0.wp.com\/oferteya.com\/tienda\/wp-content\/uploads\/2022\/12\/Asistente-Virtual-Amazon-Echo-Dot-5gen-con-Alexa-Azul-Oscuro-1-1.jpg?resize=300%2C300&ssl=1?v=1762830782",300,300,true],"woocommerce_single":["https:\/\/i0.wp.com\/oferteya.com\/tienda\/wp-content\/uploads\/2022\/12\/Asistente-Virtual-Amazon-Echo-Dot-5gen-con-Alexa-Azul-Oscuro-1-1.jpg?fit=600%2C500&ssl=1?v=1762830782",600,500,true],"woocommerce_gallery_thumbnail":["https:\/\/i0.wp.com\/oferteya.com\/tienda\/wp-content\/uploads\/2022\/12\/Asistente-Virtual-Amazon-Echo-Dot-5gen-con-Alexa-Azul-Oscuro-1-1.jpg?resize=100%2C100&ssl=1?v=1762830782",100,100,true],"dgwt-wcas-product-suggestion":["https:\/\/i0.wp.com\/oferteya.com\/tienda\/wp-content\/uploads\/2022\/12\/Asistente-Virtual-Amazon-Echo-Dot-5gen-con-Alexa-Azul-Oscuro-1-1.jpg?fit=64%2C53&ssl=1?v=1762830782",64,53,true]},"uagb_author_info":{"display_name":"Fernando Rueda Avila","author_link":"https:\/\/oferteya.com\/tienda\/author\/"},"uagb_comment_info":0,"uagb_excerpt":"Si. Si. Multi-room. Alexa. Azul.","jetpack-related-posts":[],"jetpack_sharing_enabled":true,"_links":{"self":[{"href":"https:\/\/oferteya.com\/tienda\/wp-json\/wp\/v2\/product\/2670","targetHints":{"allow":["GET"]}}],"collection":[{"href":"https:\/\/oferteya.com\/tienda\/wp-json\/wp\/v2\/product"}],"about":[{"href":"https:\/\/oferteya.com\/tienda\/wp-json\/wp\/v2\/types\/product"}],"replies":[{"embeddable":true,"href":"https:\/\/oferteya.com\/tienda\/wp-json\/wp\/v2\/comments?post=2670"}],"wp:featuredmedia":[{"embeddable":true,"href":"https:\/\/oferteya.com\/tienda\/wp-json\/wp\/v2\/media\/3771"}],"wp:attachment":[{"href":"https:\/\/oferteya.com\/tienda\/wp-json\/wp\/v2\/media?parent=2670"}],"wp:term":[{"taxonomy":"product_brand","embeddable":true,"href":"https:\/\/oferteya.com\/tienda\/wp-json\/wp\/v2\/product_brand?post=2670"},{"taxonomy":"product_cat","embeddable":true,"href":"https:\/\/oferteya.com\/tienda\/wp-json\/wp\/v2\/product_cat?post=2670"},{"taxonomy":"product_tag","embeddable":true,"href":"https:\/\/oferteya.com\/tienda\/wp-json\/wp\/v2\/product_tag?post=2670"}],"curies":[{"name":"wp","href":"https:\/\/api.w.org\/{rel}","templated":true}]}}