{"id":1578,"date":"2022-03-23T15:36:55","date_gmt":"2022-03-23T20:36:55","guid":{"rendered":"https:\/\/www.oferteya.com\/tienda\/?post_type=product&#038;p=1578"},"modified":"2025-11-18T12:13:50","modified_gmt":"2025-11-18T17:13:50","slug":"camara-web-vs15-1080p-usb-2-0-con-microfono-incorporado","status":"publish","type":"product","link":"https:\/\/oferteya.com\/tienda\/producto\/camara-web-vs15-1080p-usb-2-0-con-microfono-incorporado\/","title":{"rendered":"C\u00e1mara Web Vs15 1080p Usb 2.0 Con Micr\u00f3fono Incorporado Negro"},"content":{"rendered":"<p>C\u00e1mara web USB 2.0 de 1080p<\/p>\n<p>Caracter\u00edsticas generales:<br \/>\nDe color negro<br \/>\nInterfaz: USB 2.0<br \/>\nResoluci\u00f3n: 1920 x 1080, 30 FPS<br \/>\nSensor: HiSilicon 35181 V300<br \/>\nLente: 1 \/ 2.9, F23, 90 grados<br \/>\nFormato de imagen: H.264 MJPEG<br \/>\nMicr\u00f3fono incorporado<br \/>\nPara usar con computadora port\u00e1til o computadora de escritorio<\/p>\n<p>Dimensiones:<br \/>\n2.6 x 3.25 x 2.5 pulgadas (H x W x D, aproximado)<\/p>\n<p>El paquete incluye:<br \/>\nC\u00e1mara web USB 2.0 de 1080p<br \/>\nManual de instalaci\u00f3n<\/p>\n<p>Informaci\u00f3n de la c\u00e1mara web<br \/>\nNombre de la webcam: UVC Camera<br \/>\nMicr\u00f3fono incorporado: audioinput#0<br \/>\nAltavoz incorporado: NO<br \/>\nCuadros por segundo: 30 FPS<br \/>\nWebcam Megap\u00edxels: 2.07 MP<br \/>\nResoluci\u00f3n de c\u00e1mara web: 1920\u00d71080<br \/>\nVideo est\u00e1ndar: FHD<br \/>\nRelaci\u00f3n de aspecto: 1.78<br \/>\nTama\u00f1o de archivo PNG: 1.76 MB<br \/>\nTama\u00f1o de archivo JPEG: 912.88 kB<br \/>\nVelocidad de bits: 26.74 MB\/s<\/p>\n<p>Garant\u00eda del vendedor: 3 meses<\/p>\n","protected":false},"excerpt":{"rendered":"<p><img decoding=\"async\" class=\"\" src=\"https:\/\/oferteya.com\/intranet\/imagenes\/iconos\/microfono.png\" \/> Integrado.<br \/>\n<img decoding=\"async\" class=\"\" src=\"https:\/\/oferteya.com\/intranet\/imagenes\/iconos\/tecnologia.png\" \/> USB 2.0<br \/>\n<img decoding=\"async\" class=\"\" src=\"https:\/\/oferteya.com\/intranet\/imagenes\/iconos\/resolucion.png\" alt=\"Resoluci\u00f3n\" \/> 1080p.<br \/>\n<img decoding=\"async\" class=\"\" src=\"https:\/\/oferteya.com\/intranet\/imagenes\/iconos\/color.png\" \/> Negro.<br \/>\n<img class=\"\" \/><\/p>\n","protected":false},"featured_media":4463,"comment_status":"open","ping_status":"closed","template":"","meta":{"_acf_changed":false,"_uag_custom_page_level_css":"","_monsterinsights_skip_tracking":false,"_monsterinsights_sitenote_active":false,"_monsterinsights_sitenote_note":"","_monsterinsights_sitenote_category":0,"site-sidebar-layout":"default","site-content-layout":"default","ast-site-content-layout":"default","site-content-style":"default","site-sidebar-style":"default","ast-global-header-display":"","ast-banner-title-visibility":"","ast-main-header-display":"","ast-hfb-above-header-display":"","ast-hfb-below-header-display":"","ast-hfb-mobile-header-display":"","site-post-title":"","ast-breadcrumbs-content":"","ast-featured-img":"","footer-sml-layout":"","theme-transparent-header-meta":"default","adv-header-id-meta":"","stick-header-meta":"","header-above-stick-meta":"","header-main-stick-meta":"","header-below-stick-meta":"","astra-migrate-meta-layouts":"set","ast-page-background-enabled":"default","ast-page-background-meta":{"desktop":{"background-color":"","background-image":"","background-repeat":"repeat","background-position":"center center","background-size":"auto","background-attachment":"scroll","background-type":"","background-media":"","overlay-type":"","overlay-color":"","overlay-opacity":"","overlay-gradient":""},"tablet":{"background-color":"","background-image":"","background-repeat":"repeat","background-position":"center center","background-size":"auto","background-attachment":"scroll","background-type":"","background-media":"","overlay-type":"","overlay-color":"","overlay-opacity":"","overlay-gradient":""},"mobile":{"background-color":"","background-image":"","background-repeat":"repeat","background-position":"center center","background-size":"auto","background-attachment":"scroll","background-type":"","background-media":"","overlay-type":"","overlay-color":"","overlay-opacity":"","overlay-gradient":""}},"ast-content-background-meta":{"desktop":{"background-color":"var(--ast-global-color-5)","background-image":"","background-repeat":"repeat","background-position":"center center","background-size":"auto","background-attachment":"scroll","background-type":"","background-media":"","overlay-type":"","overlay-color":"","overlay-opacity":"","overlay-gradient":""},"tablet":{"background-color":"var(--ast-global-color-5)","background-image":"","background-repeat":"repeat","background-position":"center center","background-size":"auto","background-attachment":"scroll","background-type":"","background-media":"","overlay-type":"","overlay-color":"","overlay-opacity":"","overlay-gradient":""},"mobile":{"background-color":"var(--ast-global-color-5)","background-image":"","background-repeat":"repeat","background-position":"center center","background-size":"auto","background-attachment":"scroll","background-type":"","background-media":"","overlay-type":"","overlay-color":"","overlay-opacity":"","overlay-gradient":""}}},"product_brand":[],"product_cat":[67,77,142,141,75,68],"product_tag":[81,300,82,228,193,299],"class_list":{"0":"post-1578","1":"product","2":"type-product","3":"status-publish","4":"has-post-thumbnail","6":"product_cat-perifericos-de-pc","7":"product_cat-camaras-web-camaras","8":"product_cat-catalogo","9":"product_cat-destacados_inicio","10":"product_cat-otras-marcas","11":"product_cat-web-cams","12":"product_tag-camara","13":"product_tag-camara-usb","14":"product_tag-camara-web","15":"product_tag-oferteya-com","16":"product_tag-tecnologia","17":"product_tag-vs15","18":"desktop-align-left","19":"tablet-align-left","20":"mobile-align-left","22":"first","23":"instock","24":"shipping-taxable","25":"purchasable","26":"product-type-simple"},"acf":[],"uagb_featured_image_src":{"full":["https:\/\/i0.wp.com\/oferteya.com\/tienda\/wp-content\/uploads\/2022\/03\/D_NQ_NP_2X_772105-MCO93061910190_092025-F.webp?fit=1199%2C867&ssl=1",1199,867,false],"thumbnail":["https:\/\/i0.wp.com\/oferteya.com\/tienda\/wp-content\/uploads\/2022\/03\/D_NQ_NP_2X_772105-MCO93061910190_092025-F.webp?resize=150%2C150&ssl=1",150,150,true],"medium":["https:\/\/i0.wp.com\/oferteya.com\/tienda\/wp-content\/uploads\/2022\/03\/D_NQ_NP_2X_772105-MCO93061910190_092025-F.webp?fit=300%2C217&ssl=1",300,217,true],"medium_large":["https:\/\/i0.wp.com\/oferteya.com\/tienda\/wp-content\/uploads\/2022\/03\/D_NQ_NP_2X_772105-MCO93061910190_092025-F.webp?fit=768%2C555&ssl=1",768,555,true],"large":["https:\/\/i0.wp.com\/oferteya.com\/tienda\/wp-content\/uploads\/2022\/03\/D_NQ_NP_2X_772105-MCO93061910190_092025-F.webp?fit=1024%2C740&ssl=1",1024,740,true],"1536x1536":["https:\/\/i0.wp.com\/oferteya.com\/tienda\/wp-content\/uploads\/2022\/03\/D_NQ_NP_2X_772105-MCO93061910190_092025-F.webp?fit=1199%2C867&ssl=1",1199,867,true],"2048x2048":["https:\/\/i0.wp.com\/oferteya.com\/tienda\/wp-content\/uploads\/2022\/03\/D_NQ_NP_2X_772105-MCO93061910190_092025-F.webp?fit=1199%2C867&ssl=1",1199,867,true],"woocommerce_thumbnail":["https:\/\/i0.wp.com\/oferteya.com\/tienda\/wp-content\/uploads\/2022\/03\/D_NQ_NP_2X_772105-MCO93061910190_092025-F.webp?resize=300%2C300&ssl=1",300,300,true],"woocommerce_single":["https:\/\/i0.wp.com\/oferteya.com\/tienda\/wp-content\/uploads\/2022\/03\/D_NQ_NP_2X_772105-MCO93061910190_092025-F.webp?fit=600%2C434&ssl=1",600,434,true],"woocommerce_gallery_thumbnail":["https:\/\/i0.wp.com\/oferteya.com\/tienda\/wp-content\/uploads\/2022\/03\/D_NQ_NP_2X_772105-MCO93061910190_092025-F.webp?resize=100%2C100&ssl=1",100,100,true],"dgwt-wcas-product-suggestion":["https:\/\/i0.wp.com\/oferteya.com\/tienda\/wp-content\/uploads\/2022\/03\/D_NQ_NP_2X_772105-MCO93061910190_092025-F.webp?fit=64%2C46&ssl=1",64,46,true]},"uagb_author_info":{"display_name":"soporteoferteya","author_link":"https:\/\/oferteya.com\/tienda\/author\/"},"uagb_comment_info":0,"uagb_excerpt":"Integrado. USB 2.0 1080p. Negro.","jetpack-related-posts":[],"jetpack_sharing_enabled":true,"_links":{"self":[{"href":"https:\/\/oferteya.com\/tienda\/wp-json\/wp\/v2\/product\/1578","targetHints":{"allow":["GET"]}}],"collection":[{"href":"https:\/\/oferteya.com\/tienda\/wp-json\/wp\/v2\/product"}],"about":[{"href":"https:\/\/oferteya.com\/tienda\/wp-json\/wp\/v2\/types\/product"}],"replies":[{"embeddable":true,"href":"https:\/\/oferteya.com\/tienda\/wp-json\/wp\/v2\/comments?post=1578"}],"wp:featuredmedia":[{"embeddable":true,"href":"https:\/\/oferteya.com\/tienda\/wp-json\/wp\/v2\/media\/4463"}],"wp:attachment":[{"href":"https:\/\/oferteya.com\/tienda\/wp-json\/wp\/v2\/media?parent=1578"}],"wp:term":[{"taxonomy":"product_brand","embeddable":true,"href":"https:\/\/oferteya.com\/tienda\/wp-json\/wp\/v2\/product_brand?post=1578"},{"taxonomy":"product_cat","embeddable":true,"href":"https:\/\/oferteya.com\/tienda\/wp-json\/wp\/v2\/product_cat?post=1578"},{"taxonomy":"product_tag","embeddable":true,"href":"https:\/\/oferteya.com\/tienda\/wp-json\/wp\/v2\/product_tag?post=1578"}],"curies":[{"name":"wp","href":"https:\/\/api.w.org\/{rel}","templated":true}]}}