{"id":3,"date":"2022-02-14T15:57:21","date_gmt":"2022-02-14T20:57:21","guid":{"rendered":"https:\/\/www.oferteya.com\/tienda\/?page_id=3"},"modified":"2022-12-08T19:16:25","modified_gmt":"2022-12-09T00:16:25","slug":"politica-privacidad","status":"publish","type":"page","link":"https:\/\/oferteya.com\/tienda\/politica-privacidad\/","title":{"rendered":"Pol\u00edtica de Tratamiento de Datos"},"content":{"rendered":"\n<h2 class=\"wp-block-heading\">POLITICA DE TRATAMIENTO DE DATOS<\/h2>\n\n\n\n<h4 class=\"wp-block-heading\">AVISO DE PRIVACIDAD INTEGRAL<\/h4>\n\n\n\n<p>Somos Digitel Comunicaciones SAS, que para efectos del servicio prestado en este sitio web es conocido como OferteYA operando bajo el portal de internet www.oferteya.com con domicilio en la Calle 13 20-94 Oficina 514 Centro Comercial San Fa\u00e7on Bogot\u00e1 Colombia. <\/p>\n\n\n\n<p>Digitel Comunicaciones SAS  es el responsable del uso y protecci\u00f3n de sus datos personales manejados en este sitio web.<\/p>\n\n\n\n<p><strong>SECCION 1 &#8211; \u00bfC\u00f3mo puede acceder, rectificar o cancelar sus datos personales, u oponerse a su uso o ejercer la revocaci\u00f3n de consentimiento?<\/strong><\/p>\n\n\n\n<p>Usted tiene derecho a conocer qu\u00e9 datos personales tenemos de usted, para qu\u00e9 los utilizamos y las condiciones del uso que les damos (Acceso). Asimismo, es su derecho solicitar la correcci\u00f3n de su informaci\u00f3n personal en caso de que est\u00e9 desactualizada, sea inexacta o incompleta (Rectificaci\u00f3n); que la eliminemos de nuestros registros o bases de datos cuando considere que la misma no est\u00e1 siendo utilizada adecuadamente (Cancelaci\u00f3n); as\u00ed como oponerse al uso de sus datos personales para fines espec\u00edficos (Oposici\u00f3n). Estos derechos se conocen internacionalmente como derechos ARCO (Acceso, Rectificaci\u00f3n, Cancelaci\u00f3n y Oposici\u00f3n) y est\u00e1n regulados en Colombia seg\u00fan lo definido en la Ley 1581 de 2012 y el decreto 1377 de 2013.<\/p>\n\n\n\n<p>Para ejercer cualquiera de los derechos sobre el tratamiento de sus datos personales en este sitio, debe formalizar su petici\u00f3n enviando un correo electr\u00f3nico a digitel@oferteya.com que contenga lo siguiente:<\/p>\n\n\n\n<ul class=\"wp-block-list\">\n<li>Nombre completo del titular.<\/li>\n\n\n\n<li>Direcci\u00f3n de Domicilio.<\/li>\n\n\n\n<li>N\u00famero de Tel\u00e9fono.<\/li>\n\n\n\n<li>Correo electr\u00f3nico usado en este sitio web.<\/li>\n\n\n\n<li>Copia del documento de identificaci\u00f3n adjunta.<\/li>\n\n\n\n<li>Asunto \u00abPol\u00edtica de Tratamiento de Datos Personales\u00bb<\/li>\n\n\n\n<li>Descripci\u00f3n de la solicitud, ver detalle a continuaci\u00f3n:<\/li>\n<\/ul>\n\n\n\n<p>Descripci\u00f3n el objeto del escrito, lo cual puede ser de manera enunciativa m\u00e1s no limitada a lo siguiente: Revocaci\u00f3n del consentimiento para tratar sus datos personales; y\/o Notificaci\u00f3n del uso indebido del tratamiento de sus datos personales; y\/o Ejercitar sus Derechos ARCO, con una descripci\u00f3n clara y precisa de los datos a Acceder, Rectificar, Cancelar o bien, a Oponerse. En caso de Rectificaci\u00f3n de datos personales, deber\u00e1 indicar la modificaci\u00f3n exacta y anexar la documentaci\u00f3n soporte; es importante en caso de revocaci\u00f3n del consentimiento, que tenga en cuenta que no en todos los casos podremos atender su solicitud o concluir el uso de forma inmediata, ya que es posible que por alguna obligaci\u00f3n legal requiramos seguir tratando sus datos personales. Asimismo, usted deber\u00e1 considerar que para ciertos fines, la revocaci\u00f3n de su consentimiento implicar\u00e1 que no le podamos seguir prestando el servicio que nos solicit\u00f3, o la conclusi\u00f3n de su relaci\u00f3n con nosotros.<\/p>\n\n\n\n<p>\u00bfEn cu\u00e1ntos d\u00edas le daremos respuesta a su solicitud?<br>5 d\u00edas h\u00e1biles.<\/p>\n\n\n\n<p>\u00bfPor qu\u00e9 medio le comunicaremos la respuesta a su solicitud?<br>Al mismo correo electr\u00f3nico de donde se env\u00edo la petici\u00f3n.<\/p>\n\n\n\n<p><strong>SECCION 2 &#8211; \u00bfQu\u00e9 datos recopilamos y almacenamos de usted?<\/strong><\/p>\n\n\n\n<p>Mientras visita nuestro sitio realizaremos el seguimiento de:<\/p>\n\n\n\n<ul class=\"wp-block-list\">\n<li>Productos que ha visto: Los usaremos para, por ejemplo, mostrarle los productos que ha visto recientemente, emitir promociones u ofertas, mostrarle otros productos relacionados, etc.<\/li>\n\n\n\n<li>Ubicaci\u00f3n, direcci\u00f3n IP y tipo de navegador: Usaremos esto para prop\u00f3sitos como estimar impuestos y costos de env\u00edo cuando \u00e9stos sean aplicables.<\/li>\n\n\n\n<li>Tambi\u00e9n usamos cookies para realizar el seguimiento de los contenidos del carrito mientras navega por nuestro sitio (Ver Secci\u00f3n 6 de este documento).<\/li>\n<\/ul>\n\n\n\n<p>Cuando se registra en nuestro sitio le solicitaremos lo siguiente:<\/p>\n\n\n\n<ul class=\"wp-block-list\">\n<li>Su nombre completo.<\/li>\n\n\n\n<li>Direcci\u00f3n de domicilio.<\/li>\n\n\n\n<li><span style=\"font-size: 1rem; background-color: var(--ast-global-color-4);\">Direcci\u00f3n de correo electr\u00f3nico<\/span>.<\/li>\n\n\n\n<li>N\u00famero de tel\u00e9fono.<\/li>\n\n\n\n<li>Nombre de usuario y contrase\u00f1a (\u00e9sta \u00faltima encriptada y a la cual no tenemos acceso).<\/li>\n<\/ul>\n\n\n\n<p>Cuando formaliza una compra con nosotros adem\u00e1s de lo anterior le pedimos que facilite:<\/p>\n\n\n\n<ul class=\"wp-block-list\">\n<li>Direcci\u00f3n de facturaci\u00f3n<\/li>\n\n\n\n<li>Direcci\u00f3n de env\u00edo<\/li>\n\n\n\n<li>Datos documento de identidad y <span style=\"font-size: 1rem; background-color: var(--ast-global-color-4);\">Detalles de medio de Pago (Informaci\u00f3n encriptada y manejada por &#8220;La Pasarela de Pagos XYZ&#8221;. Consulte aqu\u00ed su pol\u00edtica particular de privacidad. =&gt; \u00abEnlace a  pol\u00edtica de privacidad de la pasarela\u00bb)<\/span><\/li>\n<\/ul>\n\n\n\n<p><strong>SECCION 3 &#8211; \u00bfPara qu\u00e9 fines utilizaremos sus datos personales?<\/strong><\/p>\n\n\n\n<p>Los datos personales de identificaci\u00f3n y contacto que recabamos de usted, los utilizaremos para las siguientes finalidades que son necesarias para llevar a cabo el servicio que ofrecemos:<\/p>\n\n\n\n<ul class=\"wp-block-list\">\n<li>Registro en nuestro sitio para que tenga acceso un historial de sus compras.<\/li>\n\n\n\n<li>Enviarle informaci\u00f3n sobre su cuenta y pedido.<\/li>\n\n\n\n<li>Respuesta a mensajes del formulario de contacto, requerimientos, comentarios u otros.<\/li>\n\n\n\n<li>Prestaci\u00f3n de cualquier servicio solicitado.<\/li>\n\n\n\n<li>Venta y env\u00edo de productos comercializados en esta tienda.<\/li>\n\n\n\n<li>Mejorar las ofertas de nuestra tienda.<\/li>\n\n\n\n<li>Enviarle mensajes promocionales (s\u00f3lo si no se opone expresamente a recibirlos).<\/li>\n\n\n\n<li>Cumplir con cualquier obligaci\u00f3n o requerimiento de tipo legal.<\/li>\n<\/ul>\n\n\n\n<p><strong>SECCION  4 \u00bfQui\u00e9n de nuestro equipo tiene acceso a sus datos personales?<\/strong> <\/p>\n\n\n\n<p>Los Administradores y gestores de la tienda tienen acceso a:<\/p>\n\n\n\n<ul class=\"wp-block-list\">\n<li>Informaci\u00f3n de pedidos: C\u00f3mo se compr\u00f3?, Qu\u00e9 se compr\u00f3, Cu\u00e1nto se compr\u00f3?  y<\/li>\n\n\n\n<li>La informaci\u00f3n del cliente: Nombre, Direcci\u00f3n de correo electr\u00f3nico, de facturaci\u00f3n y env\u00edo.<\/li>\n<\/ul>\n\n\n\n<p>Los miembros de nuestro equipo tienen acceso a esta informaci\u00f3n para ayudar a completar pedidos, procesar reembolsos y darle soporte.<\/p>\n\n\n\n<p><strong>SECCION 5 &#8211; \u00bfCon qui\u00e9n compartimos sus datos personales?<\/strong> <\/p>\n\n\n\n<ul class=\"wp-block-list\">\n<li>Pasarela de Pago XYZ  (Informaci\u00f3n encriptada sobre el medio de pago).<\/li>\n\n\n\n<li>Empresa de Mensajer\u00eda y\/o Paqueter\u00eda (La m\u00ednima necesaria para hacer la correcta y oportuna entrega de los pedidos).<\/li>\n\n\n\n<li>DIAN (Lo m\u00ednimo requerido para dar cumplimiento a la facturaci\u00f3n electr\u00f3nica).<\/li>\n<\/ul>\n\n\n\n<p><strong>SECCION 6 &#8211; El uso de tecnolog\u00edas de rastreo en nuestro portal de internet<\/strong><\/p>\n\n\n\n<p>Le informamos que en nuestra p\u00e1gina de internet utilizamos cookies, web beacons u otras tecnolog\u00edas, a trav\u00e9s de las cuales es posible monitorear su comportamiento como usuario de internet, as\u00ed como brindarle un mejor servicio y experiencia al navegar en nuestra p\u00e1gina. Los datos personales que obtenemos de estas tecnolog\u00edas de rastreo son los siguientes:<\/p>\n\n\n\n<p>Regi\u00f3n en la que se encuentra el usuario, B\u00fasquedas realizadas por un usuario, Publicidad revisada por un usuario, Listas y h\u00e1bitos de consumo en p\u00e1ginas de compras.<\/p>\n\n\n\n<p>Estas cookies, web beacons y otras tecnolog\u00edas pueden ser deshabilitadas. Para conocer c\u00f3mo hacerlo, consulte el men\u00fa de ayuda de su navegador. Tenga en cuenta que, en caso de desactivar las cookies, es posible que no pueda acceder a ciertas funciones personalizadas en nuestros sitio web.<\/p>\n\n\n\n<p><strong>SECCION 7 &#8211; \u00bfC\u00f3mo puede conocer los cambios en este aviso de privacidad?<\/strong><\/p>\n\n\n\n<p>El presente aviso de privacidad puede sufrir modificaciones, cambios o actualizaciones derivadas de nuevos requerimientos legales; de nuestras propias necesidades por los productos o servicios que ofrecemos; de nuestras pr\u00e1cticas de privacidad; de cambios en nuestro modelo de negocio, o por otras causas. Nos comprometemos a mantener actualizado este aviso de privacidad sobre los cambios que pueda sufrir, los cuales podr\u00e1 consultar en cualquier momento en el sitio web www.oferteya.com, acceso Pol\u00edtica de Tratamiento de Datos ubicado en el pie de p\u00e1gina.<\/p>\n\n\n\n<p id=\"aviso-format\">\u00daltima actualizaci\u00f3n de este\u00a0<a rel=\"noreferrer noopener\" href=\"https:\/\/markethax.com\/generador-aviso-de-privacidad\/\" target=\"_blank\">aviso de privacidad<\/a>: 01-DIC-2022<\/p>\n","protected":false},"excerpt":{"rendered":"<p>POLITICA DE TRATAMIENTO DE DATOS AVISO DE PRIVACIDAD INTEGRAL Somos Digitel Comunicaciones SAS, que para efectos del servicio prestado en este sitio web es conocido como OferteYA operando bajo el portal de internet www.oferteya.com con domicilio en la Calle 13 20-94 Oficina 514 Centro Comercial San Fa\u00e7on Bogot\u00e1 Colombia. Digitel Comunicaciones SAS es el responsable [&hellip;]<\/p>\n","protected":false},"author":1,"featured_media":0,"parent":0,"menu_order":0,"comment_status":"closed","ping_status":"closed","template":"","meta":{"_acf_changed":false,"_uag_custom_page_level_css":"","_monsterinsights_skip_tracking":false,"_monsterinsights_sitenote_active":false,"_monsterinsights_sitenote_note":"","_monsterinsights_sitenote_category":0,"site-sidebar-layout":"default","site-content-layout":"plain-container","ast-site-content-layout":"default","site-content-style":"default","site-sidebar-style":"default","ast-global-header-display":"","ast-banner-title-visibility":"","ast-main-header-display":"","ast-hfb-above-header-display":"","ast-hfb-below-header-display":"","ast-hfb-mobile-header-display":"","site-post-title":"disabled","ast-breadcrumbs-content":"","ast-featured-img":"","footer-sml-layout":"","theme-transparent-header-meta":"disabled","adv-header-id-meta":"","stick-header-meta":"","header-above-stick-meta":"","header-main-stick-meta":"","header-below-stick-meta":"","astra-migrate-meta-layouts":"default","ast-page-background-enabled":"default","ast-page-background-meta":{"desktop":{"background-color":"","background-image":"","background-repeat":"repeat","background-position":"center center","background-size":"auto","background-attachment":"scroll","background-type":"","background-media":"","overlay-type":"","overlay-color":"","overlay-opacity":"","overlay-gradient":""},"tablet":{"background-color":"","background-image":"","background-repeat":"repeat","background-position":"center center","background-size":"auto","background-attachment":"scroll","background-type":"","background-media":"","overlay-type":"","overlay-color":"","overlay-opacity":"","overlay-gradient":""},"mobile":{"background-color":"","background-image":"","background-repeat":"repeat","background-position":"center center","background-size":"auto","background-attachment":"scroll","background-type":"","background-media":"","overlay-type":"","overlay-color":"","overlay-opacity":"","overlay-gradient":""}},"ast-content-background-meta":{"desktop":{"background-color":"var(--ast-global-color-5)","background-image":"","background-repeat":"repeat","background-position":"center center","background-size":"auto","background-attachment":"scroll","background-type":"","background-media":"","overlay-type":"","overlay-color":"","overlay-opacity":"","overlay-gradient":""},"tablet":{"background-color":"var(--ast-global-color-5)","background-image":"","background-repeat":"repeat","background-position":"center center","background-size":"auto","background-attachment":"scroll","background-type":"","background-media":"","overlay-type":"","overlay-color":"","overlay-opacity":"","overlay-gradient":""},"mobile":{"background-color":"var(--ast-global-color-5)","background-image":"","background-repeat":"repeat","background-position":"center center","background-size":"auto","background-attachment":"scroll","background-type":"","background-media":"","overlay-type":"","overlay-color":"","overlay-opacity":"","overlay-gradient":""}},"footnotes":""},"class_list":["post-3","page","type-page","status-publish","hentry"],"acf":[],"uagb_featured_image_src":{"full":false,"thumbnail":false,"medium":false,"medium_large":false,"large":false,"1536x1536":false,"2048x2048":false,"woocommerce_thumbnail":false,"woocommerce_single":false,"woocommerce_gallery_thumbnail":false,"dgwt-wcas-product-suggestion":false},"uagb_author_info":{"display_name":"soporteoferteya","author_link":"https:\/\/oferteya.com\/tienda\/author\/soporteoferteya\/"},"uagb_comment_info":0,"uagb_excerpt":"POLITICA DE TRATAMIENTO DE DATOS AVISO DE PRIVACIDAD INTEGRAL Somos Digitel Comunicaciones SAS, que para efectos del servicio prestado en este sitio web es conocido como OferteYA operando bajo el portal de internet www.oferteya.com con domicilio en la Calle 13 20-94 Oficina 514 Centro Comercial San Fa\u00e7on Bogot\u00e1 Colombia. Digitel Comunicaciones SAS es el responsable&hellip;","jetpack-related-posts":[],"jetpack_sharing_enabled":true,"_links":{"self":[{"href":"https:\/\/oferteya.com\/tienda\/wp-json\/wp\/v2\/pages\/3","targetHints":{"allow":["GET"]}}],"collection":[{"href":"https:\/\/oferteya.com\/tienda\/wp-json\/wp\/v2\/pages"}],"about":[{"href":"https:\/\/oferteya.com\/tienda\/wp-json\/wp\/v2\/types\/page"}],"author":[{"embeddable":true,"href":"https:\/\/oferteya.com\/tienda\/wp-json\/wp\/v2\/users\/1"}],"replies":[{"embeddable":true,"href":"https:\/\/oferteya.com\/tienda\/wp-json\/wp\/v2\/comments?post=3"}],"version-history":[{"count":89,"href":"https:\/\/oferteya.com\/tienda\/wp-json\/wp\/v2\/pages\/3\/revisions"}],"predecessor-version":[{"id":2644,"href":"https:\/\/oferteya.com\/tienda\/wp-json\/wp\/v2\/pages\/3\/revisions\/2644"}],"wp:attachment":[{"href":"https:\/\/oferteya.com\/tienda\/wp-json\/wp\/v2\/media?parent=3"}],"curies":[{"name":"wp","href":"https:\/\/api.w.org\/{rel}","templated":true}]}}